{"id":1423,"date":"2021-01-13T22:16:51","date_gmt":"2021-01-13T22:16:51","guid":{"rendered":"http:\/\/www.ege-teppichreinigung.de\/?page_id=1423"},"modified":"2021-02-27T10:55:47","modified_gmt":"2021-02-27T10:55:47","slug":"polsterreinigung","status":"publish","type":"page","link":"https:\/\/www.ege-teppichreinigung.de\/tr\/polsterreinigung\/","title":{"rendered":"Koltuk Temizleme"},"content":{"rendered":"<div data-elementor-type=\"wp-page\" data-elementor-id=\"1423\" class=\"elementor elementor-1423\">\n\t\t\t\t\t\t<section class=\"elementor-section elementor-top-section elementor-element elementor-element-d2ec8eb elementor-section-boxed elementor-section-height-default elementor-section-height-default\" data-id=\"d2ec8eb\" data-element_type=\"section\">\n\t\t\t\t\t\t<div class=\"elementor-container elementor-column-gap-default\">\n\t\t\t\t\t<div class=\"elementor-column elementor-col-100 elementor-top-column elementor-element elementor-element-b3bed2d\" data-id=\"b3bed2d\" data-element_type=\"column\">\n\t\t\t<div class=\"elementor-widget-wrap elementor-element-populated\">\n\t\t\t\t\t\t<div class=\"elementor-element elementor-element-fb41c20 elementor-widget elementor-widget-spacer\" data-id=\"fb41c20\" data-element_type=\"widget\" data-widget_type=\"spacer.default\">\n\t\t\t\t<div class=\"elementor-widget-container\">\n\t\t\t\t\t\t\t<div class=\"elementor-spacer\">\n\t\t\t<div class=\"elementor-spacer-inner\"><\/div>\n\t\t<\/div>\n\t\t\t\t\t\t<\/div>\n\t\t\t\t<\/div>\n\t\t\t\t\t<\/div>\n\t\t<\/div>\n\t\t\t\t\t<\/div>\n\t\t<\/section>\n\t\t\t\t<section class=\"elementor-section elementor-top-section elementor-element elementor-element-5bb457b elementor-section-boxed elementor-section-height-default elementor-section-height-default\" data-id=\"5bb457b\" data-element_type=\"section\" data-settings=\"{&quot;background_background&quot;:&quot;classic&quot;}\">\n\t\t\t\t\t\t<div class=\"elementor-container elementor-column-gap-default\">\n\t\t\t\t\t<div class=\"elementor-column elementor-col-100 elementor-top-column elementor-element elementor-element-7a08bb7\" data-id=\"7a08bb7\" data-element_type=\"column\">\n\t\t\t<div class=\"elementor-widget-wrap elementor-element-populated\">\n\t\t\t\t\t\t<div class=\"elementor-element elementor-element-ea39de6 elementor-widget elementor-widget-heading\" data-id=\"ea39de6\" data-element_type=\"widget\" data-settings=\"{&quot;_animation&quot;:&quot;none&quot;}\" data-widget_type=\"heading.default\">\n\t\t\t\t<div class=\"elementor-widget-container\">\n\t\t\t\t\t<h2 class=\"elementor-heading-title elementor-size-default\">Koltuk Temizleme<\/h2>\t\t\t\t<\/div>\n\t\t\t\t<\/div>\n\t\t\t\t<div class=\"elementor-element elementor-element-067bbcd elementor-widget elementor-widget-spacer\" data-id=\"067bbcd\" data-element_type=\"widget\" data-widget_type=\"spacer.default\">\n\t\t\t\t<div class=\"elementor-widget-container\">\n\t\t\t\t\t\t\t<div class=\"elementor-spacer\">\n\t\t\t<div class=\"elementor-spacer-inner\"><\/div>\n\t\t<\/div>\n\t\t\t\t\t\t<\/div>\n\t\t\t\t<\/div>\n\t\t\t\t<div class=\"elementor-element elementor-element-c869786 elementor-widget elementor-widget-text-editor\" data-id=\"c869786\" data-element_type=\"widget\" data-settings=\"{&quot;_animation&quot;:&quot;none&quot;}\" data-widget_type=\"text-editor.default\">\n\t\t\t\t<div class=\"elementor-widget-container\">\n\t\t\t\t\t\t\t\t\t<h5><div style=\"text-align: left;\">Islatma<\/div>\n<\/h5>\n<h5><span style=\"font-weight: normal;\"> <div style=\"text-align: left;\">Bu a\u015famada antibakteriyel amway loc deterjan kari\u015fimini koydu\u011fumuz p\u00fcsk\u00fcrtme arac\u0131m\u0131z ile kuma\u015fin a - dan z ye \u0131slanmas\u0131n\u0131\nsa\u011flariz. Islatma bittikten sonra 5 dakika bekleriz. Bu sayede kirler ve lekeler yumu\u015far.\n<\/div><\/span><\/h5>\n\n<h5><div style=\"text-align: left;\">F\u0131r\u00e7alama<\/div>\n<\/h5>\n<h5><span style=\"font-weight: normal;\"> <div style=\"text-align: left;\">Bu a\u015fama en \u00f6nemli a\u015famad\u0131r. Koltuk kuma\u015f\u0131nda en ufak bir kir en ufak bir koku v.b. kalmayana kadar f\u0131r\u00e7alan\u0131r. Bu sayede \nkoltuklar\u0131n\u0131zdaki kirler kuma\u015ftan ayr\u0131l\u0131r. \n<\/div><\/span><\/h5>\n\n<h5><div style=\"text-align: left;\">Vakumlama<\/div>\n<\/h5>\n<h5><span style=\"font-weight: normal;\"> <div style=\"text-align: left;\">Bu a\u015famada \u00e7ok \u00f6nemlidir. E\u011fer su iyi \u00e7ekilmez ise koku ve kusma yapabilir. Bu a\u015famada koltuk kuma\u015f\u0131n\u0131n 5 cm alt\u0131na kadar\ninen temiz suyu kirli su olarak makinemizin kazan\u0131na \u00e7ekeriz. Bu sayede kirlerden ar\u0131nm\u0131\u015f olur ve bu sistem koltuk \ntemizlenene kadar devam eder. Koltu\u011fun temizlendi\u011fini ise vakum makinesinin ucundaki apart\u0131n i\u00e7inden ge\u00e7en suyun renginden\nanalamaktay\u0131z. E\u011fer suyun rengi siyahsa hala daha kuma\u015fta kir var demektir ve y\u0131kama i\u015flemine devam edilir.\n<\/div><\/span><\/h5>\n\t\t\t\t\t\t\t\t<\/div>\n\t\t\t\t<\/div>\n\t\t\t\t\t<\/div>\n\t\t<\/div>\n\t\t\t\t\t<\/div>\n\t\t<\/section>\n\t\t\t\t<\/div>","protected":false},"excerpt":{"rendered":"<p>Polsterreinigung Anfeuchtung In dieser Phase setzen wir die antibakterielle Amway-Loc Waschmittelmischung ein, um den Stoff mit unserem Spr\u00fchwerkzeug von A bis Z anzufeuchten. Anschliessend lassen wir 5 Minuten einwirken. Auf diese Weise werden Schmutz und Flecken vorbehandelt. Schrubben Diese Phase ist die wichtigste Phase. Wir b\u00fcrsten den Stoff solange, bis der Schmutz und Geruch entfernt [&hellip;]<\/p>","protected":false},"author":1,"featured_media":0,"parent":0,"menu_order":0,"comment_status":"closed","ping_status":"closed","template":"","meta":{"ocean_post_layout":"full-screen","ocean_both_sidebars_style":"","ocean_both_sidebars_content_width":0,"ocean_both_sidebars_sidebars_width":0,"ocean_sidebar":"0","ocean_second_sidebar":"0","ocean_disable_margins":"enable","ocean_add_body_class":"","ocean_shortcode_before_top_bar":"","ocean_shortcode_after_top_bar":"","ocean_shortcode_before_header":"","ocean_shortcode_after_header":"","ocean_has_shortcode":"","ocean_shortcode_after_title":"","ocean_shortcode_before_footer_widgets":"","ocean_shortcode_after_footer_widgets":"","ocean_shortcode_before_footer_bottom":"","ocean_shortcode_after_footer_bottom":"","ocean_display_top_bar":"on","ocean_display_header":"on","ocean_header_style":"","ocean_center_header_left_menu":"0","ocean_custom_header_template":"0","ocean_custom_logo":0,"ocean_custom_retina_logo":0,"ocean_custom_logo_max_width":0,"ocean_custom_logo_tablet_max_width":0,"ocean_custom_logo_mobile_max_width":0,"ocean_custom_logo_max_height":0,"ocean_custom_logo_tablet_max_height":0,"ocean_custom_logo_mobile_max_height":0,"ocean_header_custom_menu":"0","ocean_menu_typo_font_family":"0","ocean_menu_typo_font_subset":"","ocean_menu_typo_font_size":0,"ocean_menu_typo_font_size_tablet":0,"ocean_menu_typo_font_size_mobile":0,"ocean_menu_typo_font_size_unit":"px","ocean_menu_typo_font_weight":"","ocean_menu_typo_font_weight_tablet":"","ocean_menu_typo_font_weight_mobile":"","ocean_menu_typo_transform":"","ocean_menu_typo_transform_tablet":"","ocean_menu_typo_transform_mobile":"","ocean_menu_typo_line_height":0,"ocean_menu_typo_line_height_tablet":0,"ocean_menu_typo_line_height_mobile":0,"ocean_menu_typo_line_height_unit":"","ocean_menu_typo_spacing":0,"ocean_menu_typo_spacing_tablet":0,"ocean_menu_typo_spacing_mobile":0,"ocean_menu_typo_spacing_unit":"","ocean_menu_link_color":"","ocean_menu_link_color_hover":"","ocean_menu_link_color_active":"","ocean_menu_link_background":"","ocean_menu_link_hover_background":"","ocean_menu_link_active_background":"","ocean_menu_social_links_bg":"","ocean_menu_social_hover_links_bg":"","ocean_menu_social_links_color":"","ocean_menu_social_hover_links_color":"","ocean_disable_title":"on","ocean_disable_heading":"default","ocean_post_title":"","ocean_post_subheading":"","ocean_post_title_style":"","ocean_post_title_background_color":"","ocean_post_title_background":0,"ocean_post_title_bg_image_position":"","ocean_post_title_bg_image_attachment":"","ocean_post_title_bg_image_repeat":"","ocean_post_title_bg_image_size":"","ocean_post_title_height":0,"ocean_post_title_bg_overlay":0.5,"ocean_post_title_bg_overlay_color":"","ocean_disable_breadcrumbs":"default","ocean_breadcrumbs_color":"","ocean_breadcrumbs_separator_color":"","ocean_breadcrumbs_links_color":"","ocean_breadcrumbs_links_hover_color":"","ocean_display_footer_widgets":"on","ocean_display_footer_bottom":"on","ocean_custom_footer_template":"0","_joinchat":[],"footnotes":""},"class_list":["post-1423","page","type-page","status-publish","hentry","entry"],"yoast_head":"<!-- This site is optimized with the Yoast SEO plugin v24.4 - https:\/\/yoast.com\/wordpress\/plugins\/seo\/ -->\n<title>Polsterreinigung - Ege Teppichreinigung<\/title>\n<meta name=\"robots\" content=\"index, follow, max-snippet:-1, max-image-preview:large, max-video-preview:-1\" \/>\n<link rel=\"canonical\" href=\"https:\/\/www.ege-teppichreinigung.de\/tr\/polsterreinigung\/\" \/>\n<meta property=\"og:locale\" content=\"tr_TR\" \/>\n<meta property=\"og:type\" content=\"article\" \/>\n<meta property=\"og:title\" content=\"Polsterreinigung - Ege Teppichreinigung\" \/>\n<meta property=\"og:description\" content=\"Polsterreinigung Anfeuchtung In dieser Phase setzen wir die antibakterielle Amway-Loc Waschmittelmischung ein, um den Stoff mit unserem Spr\u00fchwerkzeug von A bis Z anzufeuchten. Anschliessend lassen wir 5 Minuten einwirken. Auf diese Weise werden Schmutz und Flecken vorbehandelt. Schrubben Diese Phase ist die wichtigste Phase. Wir b\u00fcrsten den Stoff solange, bis der Schmutz und Geruch entfernt [&hellip;]\" \/>\n<meta property=\"og:url\" content=\"https:\/\/www.ege-teppichreinigung.de\/tr\/polsterreinigung\/\" \/>\n<meta property=\"og:site_name\" content=\"Ege Teppichreinigung\" \/>\n<meta property=\"article:modified_time\" content=\"2021-02-27T10:55:47+00:00\" \/>\n<meta name=\"twitter:card\" content=\"summary_large_image\" \/>\n<meta name=\"twitter:label1\" content=\"Tahmini okuma s\u00fcresi\" \/>\n\t<meta name=\"twitter:data1\" content=\"1 dakika\" \/>\n<script type=\"application\/ld+json\" class=\"yoast-schema-graph\">{\"@context\":\"https:\/\/schema.org\",\"@graph\":[{\"@type\":\"WebPage\",\"@id\":\"https:\/\/www.ege-teppichreinigung.de\/polsterreinigung\/\",\"url\":\"https:\/\/www.ege-teppichreinigung.de\/polsterreinigung\/\",\"name\":\"Polsterreinigung - Ege Teppichreinigung\",\"isPartOf\":{\"@id\":\"https:\/\/www.ege-teppichreinigung.de\/#website\"},\"datePublished\":\"2021-01-13T22:16:51+00:00\",\"dateModified\":\"2021-02-27T10:55:47+00:00\",\"breadcrumb\":{\"@id\":\"https:\/\/www.ege-teppichreinigung.de\/polsterreinigung\/#breadcrumb\"},\"inLanguage\":\"tr\",\"potentialAction\":[{\"@type\":\"ReadAction\",\"target\":[\"https:\/\/www.ege-teppichreinigung.de\/polsterreinigung\/\"]}]},{\"@type\":\"BreadcrumbList\",\"@id\":\"https:\/\/www.ege-teppichreinigung.de\/polsterreinigung\/#breadcrumb\",\"itemListElement\":[{\"@type\":\"ListItem\",\"position\":1,\"name\":\"Home\",\"item\":\"https:\/\/www.ege-teppichreinigung.de\/\"},{\"@type\":\"ListItem\",\"position\":2,\"name\":\"Polsterreinigung\"}]},{\"@type\":\"WebSite\",\"@id\":\"https:\/\/www.ege-teppichreinigung.de\/#website\",\"url\":\"https:\/\/www.ege-teppichreinigung.de\/\",\"name\":\"Ege Teppichreinigung\",\"description\":\"\",\"publisher\":{\"@id\":\"https:\/\/www.ege-teppichreinigung.de\/#organization\"},\"potentialAction\":[{\"@type\":\"SearchAction\",\"target\":{\"@type\":\"EntryPoint\",\"urlTemplate\":\"https:\/\/www.ege-teppichreinigung.de\/?s={search_term_string}\"},\"query-input\":{\"@type\":\"PropertyValueSpecification\",\"valueRequired\":true,\"valueName\":\"search_term_string\"}}],\"inLanguage\":\"tr\"},{\"@type\":\"Organization\",\"@id\":\"https:\/\/www.ege-teppichreinigung.de\/#organization\",\"name\":\"Ege Teppichreinigung\",\"url\":\"https:\/\/www.ege-teppichreinigung.de\/\",\"logo\":{\"@type\":\"ImageObject\",\"inLanguage\":\"tr\",\"@id\":\"https:\/\/www.ege-teppichreinigung.de\/#\/schema\/logo\/image\/\",\"url\":\"https:\/\/www.ege-teppichreinigung.de\/wp-content\/uploads\/2020\/12\/cropped-logo_neu_2.jpg\",\"contentUrl\":\"https:\/\/www.ege-teppichreinigung.de\/wp-content\/uploads\/2020\/12\/cropped-logo_neu_2.jpg\",\"width\":748,\"height\":311,\"caption\":\"Ege Teppichreinigung\"},\"image\":{\"@id\":\"https:\/\/www.ege-teppichreinigung.de\/#\/schema\/logo\/image\/\"}}]}<\/script>\n<!-- \/ Yoast SEO plugin. -->","yoast_head_json":{"title":"Polsterreinigung - Ege Teppichreinigung","robots":{"index":"index","follow":"follow","max-snippet":"max-snippet:-1","max-image-preview":"max-image-preview:large","max-video-preview":"max-video-preview:-1"},"canonical":"https:\/\/www.ege-teppichreinigung.de\/tr\/polsterreinigung\/","og_locale":"tr_TR","og_type":"article","og_title":"Polsterreinigung - Ege Teppichreinigung","og_description":"Polsterreinigung Anfeuchtung In dieser Phase setzen wir die antibakterielle Amway-Loc Waschmittelmischung ein, um den Stoff mit unserem Spr\u00fchwerkzeug von A bis Z anzufeuchten. Anschliessend lassen wir 5 Minuten einwirken. Auf diese Weise werden Schmutz und Flecken vorbehandelt. Schrubben Diese Phase ist die wichtigste Phase. Wir b\u00fcrsten den Stoff solange, bis der Schmutz und Geruch entfernt [&hellip;]","og_url":"https:\/\/www.ege-teppichreinigung.de\/tr\/polsterreinigung\/","og_site_name":"Ege Teppichreinigung","article_modified_time":"2021-02-27T10:55:47+00:00","twitter_card":"summary_large_image","twitter_misc":{"Tahmini okuma s\u00fcresi":"1 dakika"},"schema":{"@context":"https:\/\/schema.org","@graph":[{"@type":"WebPage","@id":"https:\/\/www.ege-teppichreinigung.de\/polsterreinigung\/","url":"https:\/\/www.ege-teppichreinigung.de\/polsterreinigung\/","name":"Polsterreinigung - Ege Teppichreinigung","isPartOf":{"@id":"https:\/\/www.ege-teppichreinigung.de\/#website"},"datePublished":"2021-01-13T22:16:51+00:00","dateModified":"2021-02-27T10:55:47+00:00","breadcrumb":{"@id":"https:\/\/www.ege-teppichreinigung.de\/polsterreinigung\/#breadcrumb"},"inLanguage":"tr","potentialAction":[{"@type":"ReadAction","target":["https:\/\/www.ege-teppichreinigung.de\/polsterreinigung\/"]}]},{"@type":"BreadcrumbList","@id":"https:\/\/www.ege-teppichreinigung.de\/polsterreinigung\/#breadcrumb","itemListElement":[{"@type":"ListItem","position":1,"name":"Home","item":"https:\/\/www.ege-teppichreinigung.de\/"},{"@type":"ListItem","position":2,"name":"Polsterreinigung"}]},{"@type":"WebSite","@id":"https:\/\/www.ege-teppichreinigung.de\/#website","url":"https:\/\/www.ege-teppichreinigung.de\/","name":"Ege Teppichreinigung","description":"","publisher":{"@id":"https:\/\/www.ege-teppichreinigung.de\/#organization"},"potentialAction":[{"@type":"SearchAction","target":{"@type":"EntryPoint","urlTemplate":"https:\/\/www.ege-teppichreinigung.de\/?s={search_term_string}"},"query-input":{"@type":"PropertyValueSpecification","valueRequired":true,"valueName":"search_term_string"}}],"inLanguage":"tr"},{"@type":"Organization","@id":"https:\/\/www.ege-teppichreinigung.de\/#organization","name":"Ege Teppichreinigung","url":"https:\/\/www.ege-teppichreinigung.de\/","logo":{"@type":"ImageObject","inLanguage":"tr","@id":"https:\/\/www.ege-teppichreinigung.de\/#\/schema\/logo\/image\/","url":"https:\/\/www.ege-teppichreinigung.de\/wp-content\/uploads\/2020\/12\/cropped-logo_neu_2.jpg","contentUrl":"https:\/\/www.ege-teppichreinigung.de\/wp-content\/uploads\/2020\/12\/cropped-logo_neu_2.jpg","width":748,"height":311,"caption":"Ege Teppichreinigung"},"image":{"@id":"https:\/\/www.ege-teppichreinigung.de\/#\/schema\/logo\/image\/"}}]}},"_links":{"self":[{"href":"https:\/\/www.ege-teppichreinigung.de\/tr\/wp-json\/wp\/v2\/pages\/1423","targetHints":{"allow":["GET"]}}],"collection":[{"href":"https:\/\/www.ege-teppichreinigung.de\/tr\/wp-json\/wp\/v2\/pages"}],"about":[{"href":"https:\/\/www.ege-teppichreinigung.de\/tr\/wp-json\/wp\/v2\/types\/page"}],"author":[{"embeddable":true,"href":"https:\/\/www.ege-teppichreinigung.de\/tr\/wp-json\/wp\/v2\/users\/1"}],"replies":[{"embeddable":true,"href":"https:\/\/www.ege-teppichreinigung.de\/tr\/wp-json\/wp\/v2\/comments?post=1423"}],"version-history":[{"count":16,"href":"https:\/\/www.ege-teppichreinigung.de\/tr\/wp-json\/wp\/v2\/pages\/1423\/revisions"}],"predecessor-version":[{"id":1708,"href":"https:\/\/www.ege-teppichreinigung.de\/tr\/wp-json\/wp\/v2\/pages\/1423\/revisions\/1708"}],"wp:attachment":[{"href":"https:\/\/www.ege-teppichreinigung.de\/tr\/wp-json\/wp\/v2\/media?parent=1423"}],"curies":[{"name":"wp","href":"https:\/\/api.w.org\/{rel}","templated":true}]}}