{"id":67,"date":"2020-11-29T11:15:02","date_gmt":"2020-11-29T11:15:02","guid":{"rendered":"http:\/\/www.ege-teppichreinigung.de\/?page_id=67"},"modified":"2021-01-06T20:17:48","modified_gmt":"2021-01-06T20:17:48","slug":"leistungen","status":"publish","type":"page","link":"https:\/\/www.ege-teppichreinigung.de\/tr\/leistungen\/","title":{"rendered":"Hizmetlerimiz"},"content":{"rendered":"<div data-elementor-type=\"wp-page\" data-elementor-id=\"67\" class=\"elementor elementor-67\">\n\t\t\t\t\t\t<section class=\"elementor-section elementor-top-section elementor-element elementor-element-d2ec8eb elementor-section-boxed elementor-section-height-default elementor-section-height-default\" data-id=\"d2ec8eb\" data-element_type=\"section\">\n\t\t\t\t\t\t<div class=\"elementor-container elementor-column-gap-default\">\n\t\t\t\t\t<div class=\"elementor-column elementor-col-100 elementor-top-column elementor-element elementor-element-b3bed2d\" data-id=\"b3bed2d\" data-element_type=\"column\">\n\t\t\t<div class=\"elementor-widget-wrap elementor-element-populated\">\n\t\t\t\t\t\t<div class=\"elementor-element elementor-element-fb41c20 elementor-widget elementor-widget-spacer\" data-id=\"fb41c20\" data-element_type=\"widget\" data-widget_type=\"spacer.default\">\n\t\t\t\t<div class=\"elementor-widget-container\">\n\t\t\t\t\t\t\t<div class=\"elementor-spacer\">\n\t\t\t<div class=\"elementor-spacer-inner\"><\/div>\n\t\t<\/div>\n\t\t\t\t\t\t<\/div>\n\t\t\t\t<\/div>\n\t\t\t\t\t<\/div>\n\t\t<\/div>\n\t\t\t\t\t<\/div>\n\t\t<\/section>\n\t\t\t\t<section class=\"elementor-section elementor-top-section elementor-element elementor-element-fb423cb elementor-section-boxed elementor-section-height-default elementor-section-height-default\" data-id=\"fb423cb\" data-element_type=\"section\">\n\t\t\t\t\t\t<div class=\"elementor-container elementor-column-gap-default\">\n\t\t\t\t\t<div class=\"elementor-column elementor-col-50 elementor-top-column elementor-element elementor-element-1fbbdfa\" data-id=\"1fbbdfa\" data-element_type=\"column\" data-settings=\"{&quot;animation&quot;:&quot;none&quot;}\">\n\t\t\t<div class=\"elementor-widget-wrap elementor-element-populated\">\n\t\t\t\t\t\t<div class=\"elementor-element elementor-element-10141fc elementor-widget elementor-widget-heading\" data-id=\"10141fc\" data-element_type=\"widget\" data-settings=\"{&quot;_animation&quot;:&quot;none&quot;}\" data-widget_type=\"heading.default\">\n\t\t\t\t<div class=\"elementor-widget-container\">\n\t\t\t\t\t<h2 class=\"elementor-heading-title elementor-size-default\">Hal\u0131 Y\u0131kama<\/h2>\t\t\t\t<\/div>\n\t\t\t\t<\/div>\n\t\t\t\t<div class=\"elementor-element elementor-element-c869786 elementor-widget elementor-widget-text-editor\" data-id=\"c869786\" data-element_type=\"widget\" data-settings=\"{&quot;_animation&quot;:&quot;none&quot;}\" data-widget_type=\"text-editor.default\">\n\t\t\t\t<div class=\"elementor-widget-container\">\n\t\t\t\t\t\t\t\t\t<h5><span style=\"font-weight: 400;\">EGE<\/span><span style=\"font-weight: normal;\"><span> <\/span> Y\u0131kama tam otomatik makinalarda, bitkisel \u00f6zl\u00fc hal\u0131 y\u0131kama sampuanlar\u0131 ve profesyonel ekibi ile y\u0131kama i\u015flemi ger\u00e7ekle\u015ftirmektedir. Tesisimiz sadece hal\u0131 y\u0131kama i\u015flemi ger\u00e7ekle\u015ftiren bir firmad\u0131r. Tesisimize giren b\u00fct\u00fcn hal\u0131lar kendi kategorilerine g\u00f6re grupland\u0131r\u0131l\u0131p, tek tek y\u0131kama i\u015flemine al\u0131nmaktad\u0131r. Firmam\u0131z\u0131n en \u00f6nemli y\u0131kama prensibi; hijyen sa\u011flamak ad\u0131na  her hal\u0131 kendi ba\u015f\u0131na ve bitkisel \u015fampuanla y\u0131kanmaktad\u0131r. Ege Hal\u0131 Y\u0131kamaya giren hal\u0131lar\u0131n\u0131z a\u015fa\u011f\u0131daki a\u015famadalardan ge\u00e7mektedir:<\/span><\/h5>\n<div style=\"font-size: 15px; line-height: 1.5;\">\n<ul>\n \t<li>Hal\u0131lar\u0131n\u0131z\u0131n \u00f6l\u00e7\u00fclmesi,etiketlenmesi ve leke kontrollerinin yap\u0131lmas\u0131,<\/li>\n \t<li><span style=\"font-weight: normal; font-size: 15px;\">Hal\u0131lar\u0131n\u0131z\u0131n tozlar\u0131n\u0131n al\u0131nmas\u0131, y\u0131kamaya \u00f6n haz\u0131rl\u0131k, lekesi bulunan hal\u0131lara \u00f6zel leke s\u00f6k\u00fcc\u00fc ila\u00e7lar uygulanmas\u0131,<\/span><\/li>\n \t<li><span style=\"font-weight: normal; font-size: 15px;\">Bitkisel \u015fampuanlar ile tam otomatik makinalarda y\u0131kama i\u015fleminin ger\u00e7ekle\u015fmesi,<\/span><\/li>\n \t<li><span style=\"font-weight: normal; font-size: 15px;\">Santrf\u00fcj sistem tam otomatik s\u0131kma makinalari ile hal\u0131lar\u0131n\u0131z\u0131n s\u0131k\u0131lmas\u0131 ve \u00f6zel kurutma odalar\u0131m\u0131zda gereken r\u00fczgar ve s\u0131cakl\u0131k derecesiyle kurutma i\u015flemi,<\/span><\/li>\n \t<li><span style=\"font-weight: normal; font-size: 15px;\">Hal\u0131lar\u0131n\u0131z\u0131n kurutmadan sonraki kontrolllerinin yap\u0131lmas\u0131, hav alma makinas\u0131 ile hal\u0131lar\u0131n\u0131z\u0131n t\u00fcylerinin kabart\u0131lmas\u0131 ve paketlenmesi.<\/span><\/li>\n<\/ul>\n<\/div>\n<p style=\"font-weight: 400;\"><\/p>\t\t\t\t\t\t\t\t<\/div>\n\t\t\t\t<\/div>\n\t\t\t\t\t<\/div>\n\t\t<\/div>\n\t\t\t\t<div class=\"elementor-column elementor-col-50 elementor-top-column elementor-element elementor-element-ebb4721\" data-id=\"ebb4721\" data-element_type=\"column\">\n\t\t\t<div class=\"elementor-widget-wrap elementor-element-populated\">\n\t\t\t\t\t\t<div class=\"elementor-element elementor-element-410a0e0 elementor-invisible elementor-widget elementor-widget-video\" data-id=\"410a0e0\" data-element_type=\"widget\" data-settings=\"{&quot;youtube_url&quot;:&quot;https:\\\/\\\/www.youtube.com\\\/watch?v=bUKV8BC3Mww&quot;,&quot;_animation&quot;:&quot;fadeIn&quot;,&quot;video_type&quot;:&quot;youtube&quot;,&quot;controls&quot;:&quot;yes&quot;}\" data-widget_type=\"video.default\">\n\t\t\t\t<div class=\"elementor-widget-container\">\n\t\t\t\t\t\t\t<div class=\"elementor-wrapper elementor-open-inline\">\n\t\t\t<div class=\"elementor-video\"><\/div>\t\t<\/div>\n\t\t\t\t\t\t<\/div>\n\t\t\t\t<\/div>\n\t\t\t\t<div class=\"elementor-element elementor-element-9162f62 elementor-invisible elementor-widget elementor-widget-video\" data-id=\"9162f62\" data-element_type=\"widget\" data-settings=\"{&quot;youtube_url&quot;:&quot;https:\\\/\\\/www.youtube.com\\\/watch?v=yccDDjDnFJ0&quot;,&quot;_animation&quot;:&quot;fadeIn&quot;,&quot;video_type&quot;:&quot;youtube&quot;,&quot;controls&quot;:&quot;yes&quot;}\" data-widget_type=\"video.default\">\n\t\t\t\t<div class=\"elementor-widget-container\">\n\t\t\t\t\t\t\t<div class=\"elementor-wrapper elementor-open-inline\">\n\t\t\t<div class=\"elementor-video\"><\/div>\t\t<\/div>\n\t\t\t\t\t\t<\/div>\n\t\t\t\t<\/div>\n\t\t\t\t\t<\/div>\n\t\t<\/div>\n\t\t\t\t\t<\/div>\n\t\t<\/section>\n\t\t\t\t<\/div>","protected":false},"excerpt":{"rendered":"<p>Teppichw\u00e4sche Unsere Teppichreinigung wird mit speziellen Maschinen durch pflanzliche Reinigungsmittel vollzogen. Alle Teppiche, die in unsere Anlage ankommen, werden vorerst durch Ihre Stoff Art kategorisiert und anschlie\u00dfend gem\u00e4\u00df dieser Teppichgruppe gereinigt. Das Ziel unserer Arbeit ist: ein perfekt ges\u00e4uberter Teppich; dazu l\u00e4uft er durch folgende Stationen: Die Ma\u00dfe werden aufgenommen und der Teppich mit einem [&hellip;]<\/p>","protected":false},"author":1,"featured_media":0,"parent":0,"menu_order":0,"comment_status":"closed","ping_status":"closed","template":"","meta":{"ocean_post_layout":"full-screen","ocean_both_sidebars_style":"","ocean_both_sidebars_content_width":0,"ocean_both_sidebars_sidebars_width":0,"ocean_sidebar":"0","ocean_second_sidebar":"0","ocean_disable_margins":"enable","ocean_add_body_class":"","ocean_shortcode_before_top_bar":"","ocean_shortcode_after_top_bar":"","ocean_shortcode_before_header":"","ocean_shortcode_after_header":"","ocean_has_shortcode":"","ocean_shortcode_after_title":"","ocean_shortcode_before_footer_widgets":"","ocean_shortcode_after_footer_widgets":"","ocean_shortcode_before_footer_bottom":"","ocean_shortcode_after_footer_bottom":"","ocean_display_top_bar":"on","ocean_display_header":"on","ocean_header_style":"","ocean_center_header_left_menu":"0","ocean_custom_header_template":"0","ocean_custom_logo":0,"ocean_custom_retina_logo":0,"ocean_custom_logo_max_width":0,"ocean_custom_logo_tablet_max_width":0,"ocean_custom_logo_mobile_max_width":0,"ocean_custom_logo_max_height":0,"ocean_custom_logo_tablet_max_height":0,"ocean_custom_logo_mobile_max_height":0,"ocean_header_custom_menu":"0","ocean_menu_typo_font_family":"0","ocean_menu_typo_font_subset":"","ocean_menu_typo_font_size":0,"ocean_menu_typo_font_size_tablet":0,"ocean_menu_typo_font_size_mobile":0,"ocean_menu_typo_font_size_unit":"px","ocean_menu_typo_font_weight":"","ocean_menu_typo_font_weight_tablet":"","ocean_menu_typo_font_weight_mobile":"","ocean_menu_typo_transform":"","ocean_menu_typo_transform_tablet":"","ocean_menu_typo_transform_mobile":"","ocean_menu_typo_line_height":0,"ocean_menu_typo_line_height_tablet":0,"ocean_menu_typo_line_height_mobile":0,"ocean_menu_typo_line_height_unit":"","ocean_menu_typo_spacing":0,"ocean_menu_typo_spacing_tablet":0,"ocean_menu_typo_spacing_mobile":0,"ocean_menu_typo_spacing_unit":"","ocean_menu_link_color":"","ocean_menu_link_color_hover":"","ocean_menu_link_color_active":"","ocean_menu_link_background":"","ocean_menu_link_hover_background":"","ocean_menu_link_active_background":"","ocean_menu_social_links_bg":"","ocean_menu_social_hover_links_bg":"","ocean_menu_social_links_color":"","ocean_menu_social_hover_links_color":"","ocean_disable_title":"on","ocean_disable_heading":"default","ocean_post_title":"","ocean_post_subheading":"","ocean_post_title_style":"","ocean_post_title_background_color":"","ocean_post_title_background":0,"ocean_post_title_bg_image_position":"","ocean_post_title_bg_image_attachment":"","ocean_post_title_bg_image_repeat":"","ocean_post_title_bg_image_size":"","ocean_post_title_height":0,"ocean_post_title_bg_overlay":0.5,"ocean_post_title_bg_overlay_color":"","ocean_disable_breadcrumbs":"default","ocean_breadcrumbs_color":"","ocean_breadcrumbs_separator_color":"","ocean_breadcrumbs_links_color":"","ocean_breadcrumbs_links_hover_color":"","ocean_display_footer_widgets":"on","ocean_display_footer_bottom":"on","ocean_custom_footer_template":"0","_joinchat":[],"footnotes":""},"class_list":["post-67","page","type-page","status-publish","hentry","entry"],"yoast_head":"<!-- This site is optimized with the Yoast SEO plugin v24.4 - https:\/\/yoast.com\/wordpress\/plugins\/seo\/ -->\n<title>Leistungen - Ege Teppichreinigung<\/title>\n<meta name=\"robots\" content=\"index, follow, max-snippet:-1, max-image-preview:large, max-video-preview:-1\" \/>\n<link rel=\"canonical\" href=\"https:\/\/www.ege-teppichreinigung.de\/tr\/leistungen\/\" \/>\n<meta property=\"og:locale\" content=\"tr_TR\" \/>\n<meta property=\"og:type\" content=\"article\" \/>\n<meta property=\"og:title\" content=\"Leistungen - Ege Teppichreinigung\" \/>\n<meta property=\"og:description\" content=\"Teppichw\u00e4sche Unsere Teppichreinigung wird mit speziellen Maschinen durch pflanzliche Reinigungsmittel vollzogen. Alle Teppiche, die in unsere Anlage ankommen, werden vorerst durch Ihre Stoff Art kategorisiert und anschlie\u00dfend gem\u00e4\u00df dieser Teppichgruppe gereinigt. Das Ziel unserer Arbeit ist: ein perfekt ges\u00e4uberter Teppich; dazu l\u00e4uft er durch folgende Stationen: Die Ma\u00dfe werden aufgenommen und der Teppich mit einem [&hellip;]\" \/>\n<meta property=\"og:url\" content=\"https:\/\/www.ege-teppichreinigung.de\/tr\/leistungen\/\" \/>\n<meta property=\"og:site_name\" content=\"Ege Teppichreinigung\" \/>\n<meta property=\"article:modified_time\" content=\"2021-01-06T20:17:48+00:00\" \/>\n<meta name=\"twitter:card\" content=\"summary_large_image\" \/>\n<meta name=\"twitter:label1\" content=\"Tahmini okuma s\u00fcresi\" \/>\n\t<meta name=\"twitter:data1\" content=\"1 dakika\" \/>\n<script type=\"application\/ld+json\" class=\"yoast-schema-graph\">{\"@context\":\"https:\/\/schema.org\",\"@graph\":[{\"@type\":\"WebPage\",\"@id\":\"https:\/\/www.ege-teppichreinigung.de\/tr\/leistungen\/\",\"url\":\"https:\/\/www.ege-teppichreinigung.de\/tr\/leistungen\/\",\"name\":\"Leistungen - Ege Teppichreinigung\",\"isPartOf\":{\"@id\":\"https:\/\/www.ege-teppichreinigung.de\/#website\"},\"datePublished\":\"2020-11-29T11:15:02+00:00\",\"dateModified\":\"2021-01-06T20:17:48+00:00\",\"breadcrumb\":{\"@id\":\"https:\/\/www.ege-teppichreinigung.de\/tr\/leistungen\/#breadcrumb\"},\"inLanguage\":\"tr\",\"potentialAction\":[{\"@type\":\"ReadAction\",\"target\":[\"https:\/\/www.ege-teppichreinigung.de\/tr\/leistungen\/\"]}]},{\"@type\":\"BreadcrumbList\",\"@id\":\"https:\/\/www.ege-teppichreinigung.de\/tr\/leistungen\/#breadcrumb\",\"itemListElement\":[{\"@type\":\"ListItem\",\"position\":1,\"name\":\"Home\",\"item\":\"https:\/\/www.ege-teppichreinigung.de\/\"},{\"@type\":\"ListItem\",\"position\":2,\"name\":\"Leistungen\"}]},{\"@type\":\"WebSite\",\"@id\":\"https:\/\/www.ege-teppichreinigung.de\/#website\",\"url\":\"https:\/\/www.ege-teppichreinigung.de\/\",\"name\":\"Ege Teppichreinigung\",\"description\":\"\",\"publisher\":{\"@id\":\"https:\/\/www.ege-teppichreinigung.de\/#organization\"},\"potentialAction\":[{\"@type\":\"SearchAction\",\"target\":{\"@type\":\"EntryPoint\",\"urlTemplate\":\"https:\/\/www.ege-teppichreinigung.de\/?s={search_term_string}\"},\"query-input\":{\"@type\":\"PropertyValueSpecification\",\"valueRequired\":true,\"valueName\":\"search_term_string\"}}],\"inLanguage\":\"tr\"},{\"@type\":\"Organization\",\"@id\":\"https:\/\/www.ege-teppichreinigung.de\/#organization\",\"name\":\"Ege Teppichreinigung\",\"url\":\"https:\/\/www.ege-teppichreinigung.de\/\",\"logo\":{\"@type\":\"ImageObject\",\"inLanguage\":\"tr\",\"@id\":\"https:\/\/www.ege-teppichreinigung.de\/#\/schema\/logo\/image\/\",\"url\":\"https:\/\/www.ege-teppichreinigung.de\/wp-content\/uploads\/2020\/12\/cropped-logo_neu_2.jpg\",\"contentUrl\":\"https:\/\/www.ege-teppichreinigung.de\/wp-content\/uploads\/2020\/12\/cropped-logo_neu_2.jpg\",\"width\":748,\"height\":311,\"caption\":\"Ege Teppichreinigung\"},\"image\":{\"@id\":\"https:\/\/www.ege-teppichreinigung.de\/#\/schema\/logo\/image\/\"}}]}<\/script>\n<!-- \/ Yoast SEO plugin. -->","yoast_head_json":{"title":"Leistungen - Ege Teppichreinigung","robots":{"index":"index","follow":"follow","max-snippet":"max-snippet:-1","max-image-preview":"max-image-preview:large","max-video-preview":"max-video-preview:-1"},"canonical":"https:\/\/www.ege-teppichreinigung.de\/tr\/leistungen\/","og_locale":"tr_TR","og_type":"article","og_title":"Leistungen - Ege Teppichreinigung","og_description":"Teppichw\u00e4sche Unsere Teppichreinigung wird mit speziellen Maschinen durch pflanzliche Reinigungsmittel vollzogen. Alle Teppiche, die in unsere Anlage ankommen, werden vorerst durch Ihre Stoff Art kategorisiert und anschlie\u00dfend gem\u00e4\u00df dieser Teppichgruppe gereinigt. Das Ziel unserer Arbeit ist: ein perfekt ges\u00e4uberter Teppich; dazu l\u00e4uft er durch folgende Stationen: Die Ma\u00dfe werden aufgenommen und der Teppich mit einem [&hellip;]","og_url":"https:\/\/www.ege-teppichreinigung.de\/tr\/leistungen\/","og_site_name":"Ege Teppichreinigung","article_modified_time":"2021-01-06T20:17:48+00:00","twitter_card":"summary_large_image","twitter_misc":{"Tahmini okuma s\u00fcresi":"1 dakika"},"schema":{"@context":"https:\/\/schema.org","@graph":[{"@type":"WebPage","@id":"https:\/\/www.ege-teppichreinigung.de\/tr\/leistungen\/","url":"https:\/\/www.ege-teppichreinigung.de\/tr\/leistungen\/","name":"Leistungen - Ege Teppichreinigung","isPartOf":{"@id":"https:\/\/www.ege-teppichreinigung.de\/#website"},"datePublished":"2020-11-29T11:15:02+00:00","dateModified":"2021-01-06T20:17:48+00:00","breadcrumb":{"@id":"https:\/\/www.ege-teppichreinigung.de\/tr\/leistungen\/#breadcrumb"},"inLanguage":"tr","potentialAction":[{"@type":"ReadAction","target":["https:\/\/www.ege-teppichreinigung.de\/tr\/leistungen\/"]}]},{"@type":"BreadcrumbList","@id":"https:\/\/www.ege-teppichreinigung.de\/tr\/leistungen\/#breadcrumb","itemListElement":[{"@type":"ListItem","position":1,"name":"Home","item":"https:\/\/www.ege-teppichreinigung.de\/"},{"@type":"ListItem","position":2,"name":"Leistungen"}]},{"@type":"WebSite","@id":"https:\/\/www.ege-teppichreinigung.de\/#website","url":"https:\/\/www.ege-teppichreinigung.de\/","name":"Ege Teppichreinigung","description":"","publisher":{"@id":"https:\/\/www.ege-teppichreinigung.de\/#organization"},"potentialAction":[{"@type":"SearchAction","target":{"@type":"EntryPoint","urlTemplate":"https:\/\/www.ege-teppichreinigung.de\/?s={search_term_string}"},"query-input":{"@type":"PropertyValueSpecification","valueRequired":true,"valueName":"search_term_string"}}],"inLanguage":"tr"},{"@type":"Organization","@id":"https:\/\/www.ege-teppichreinigung.de\/#organization","name":"Ege Teppichreinigung","url":"https:\/\/www.ege-teppichreinigung.de\/","logo":{"@type":"ImageObject","inLanguage":"tr","@id":"https:\/\/www.ege-teppichreinigung.de\/#\/schema\/logo\/image\/","url":"https:\/\/www.ege-teppichreinigung.de\/wp-content\/uploads\/2020\/12\/cropped-logo_neu_2.jpg","contentUrl":"https:\/\/www.ege-teppichreinigung.de\/wp-content\/uploads\/2020\/12\/cropped-logo_neu_2.jpg","width":748,"height":311,"caption":"Ege Teppichreinigung"},"image":{"@id":"https:\/\/www.ege-teppichreinigung.de\/#\/schema\/logo\/image\/"}}]}},"_links":{"self":[{"href":"https:\/\/www.ege-teppichreinigung.de\/tr\/wp-json\/wp\/v2\/pages\/67","targetHints":{"allow":["GET"]}}],"collection":[{"href":"https:\/\/www.ege-teppichreinigung.de\/tr\/wp-json\/wp\/v2\/pages"}],"about":[{"href":"https:\/\/www.ege-teppichreinigung.de\/tr\/wp-json\/wp\/v2\/types\/page"}],"author":[{"embeddable":true,"href":"https:\/\/www.ege-teppichreinigung.de\/tr\/wp-json\/wp\/v2\/users\/1"}],"replies":[{"embeddable":true,"href":"https:\/\/www.ege-teppichreinigung.de\/tr\/wp-json\/wp\/v2\/comments?post=67"}],"version-history":[{"count":38,"href":"https:\/\/www.ege-teppichreinigung.de\/tr\/wp-json\/wp\/v2\/pages\/67\/revisions"}],"predecessor-version":[{"id":1351,"href":"https:\/\/www.ege-teppichreinigung.de\/tr\/wp-json\/wp\/v2\/pages\/67\/revisions\/1351"}],"wp:attachment":[{"href":"https:\/\/www.ege-teppichreinigung.de\/tr\/wp-json\/wp\/v2\/media?parent=67"}],"curies":[{"name":"wp","href":"https:\/\/api.w.org\/{rel}","templated":true}]}}