{"id":69,"date":"2020-11-29T11:23:13","date_gmt":"2020-11-29T11:23:13","guid":{"rendered":"http:\/\/www.ege-teppichreinigung.de\/?page_id=69"},"modified":"2024-01-13T21:25:19","modified_gmt":"2024-01-13T21:25:19","slug":"lieferservice","status":"publish","type":"page","link":"https:\/\/www.ege-teppichreinigung.de\/tr\/lieferservice\/","title":{"rendered":"Servisimiz"},"content":{"rendered":"<div data-elementor-type=\"wp-page\" data-elementor-id=\"69\" class=\"elementor elementor-69\">\n\t\t\t\t\t\t<section class=\"elementor-section elementor-top-section elementor-element elementor-element-598c36a elementor-section-boxed elementor-section-height-default elementor-section-height-default\" data-id=\"598c36a\" data-element_type=\"section\">\n\t\t\t\t\t\t<div class=\"elementor-container elementor-column-gap-default\">\n\t\t\t\t\t<div class=\"elementor-column elementor-col-100 elementor-top-column elementor-element elementor-element-646f9df\" data-id=\"646f9df\" data-element_type=\"column\">\n\t\t\t<div class=\"elementor-widget-wrap elementor-element-populated\">\n\t\t\t\t\t\t<div class=\"elementor-element elementor-element-1ee44ff elementor-widget elementor-widget-spacer\" data-id=\"1ee44ff\" data-element_type=\"widget\" data-widget_type=\"spacer.default\">\n\t\t\t\t<div class=\"elementor-widget-container\">\n\t\t\t\t\t\t\t<div class=\"elementor-spacer\">\n\t\t\t<div class=\"elementor-spacer-inner\"><\/div>\n\t\t<\/div>\n\t\t\t\t\t\t<\/div>\n\t\t\t\t<\/div>\n\t\t\t\t\t<\/div>\n\t\t<\/div>\n\t\t\t\t\t<\/div>\n\t\t<\/section>\n\t\t\t\t<section class=\"elementor-section elementor-top-section elementor-element elementor-element-b7d58b3 elementor-section-boxed elementor-section-height-default elementor-section-height-default\" data-id=\"b7d58b3\" data-element_type=\"section\">\n\t\t\t\t\t\t<div class=\"elementor-container elementor-column-gap-default\">\n\t\t\t\t\t<div class=\"elementor-column elementor-col-50 elementor-top-column elementor-element elementor-element-b3f9d3d\" data-id=\"b3f9d3d\" data-element_type=\"column\" data-settings=\"{&quot;animation&quot;:&quot;none&quot;}\">\n\t\t\t<div class=\"elementor-widget-wrap elementor-element-populated\">\n\t\t\t\t\t\t<div class=\"elementor-element elementor-element-bbb5850 elementor-widget elementor-widget-heading\" data-id=\"bbb5850\" data-element_type=\"widget\" data-settings=\"{&quot;_animation&quot;:&quot;none&quot;}\" data-widget_type=\"heading.default\">\n\t\t\t\t<div class=\"elementor-widget-container\">\n\t\t\t\t\t<h2 class=\"elementor-heading-title elementor-size-default\">Abhol- &amp; Lieferservice<\/h2>\t\t\t\t<\/div>\n\t\t\t\t<\/div>\n\t\t\t\t<div class=\"elementor-element elementor-element-369c8a7 elementor-widget elementor-widget-text-editor\" data-id=\"369c8a7\" data-element_type=\"widget\" data-settings=\"{&quot;_animation&quot;:&quot;none&quot;}\" data-widget_type=\"text-editor.default\">\n\t\t\t\t<div class=\"elementor-widget-container\">\n\t\t\t\t\t\t\t\t\t<h5><span style=\"font-weight: normal;\">EGE  Hal\u0131 Y\u0131kama Baden W\u00fcrttemberg, Hessen ve Rheinland-Pfalz b\u00f6lgesinde faaliyet g\u00f6sterir. Bir telefon kadar yak\u0131n\u0131n\u0131zday\u0131z.<\/span><\/h5>\n<h5><span style=\"font-weight: normal;\">Mannheim, Ludwigshafen, Weinheim, Offenbach, Frankfurt, Koblenz, Darmstadt, Mainz, R\u00fcsselsheim, Karlsruhe, Heidelberg, Marburg, K\u00f6ln, D\u00fcsseldorf, Dortmund Almanya da hali yikama sekt\u00f6r\u00fcn\u00fcn \u00f6nc\u00fclerindeniz.<\/span><\/h5>\n<h5><span style=\"font-weight: normal;\">Tur saatlerini 06074 698 9755 numaral\u0131 telefondan \u00f6\u011frenebilirsiniz. Bu sayede teslimat i\u00e7in nerede oldu\u011fumuzu ve hal\u0131 temizli\u011finin\nne kadar s\u00fcrd\u00fc\u011f\u00fcn\u00fc \u00f6\u011frenebilirsiniz.<\/span><\/h5>\n<h3><span style=\"font-weight: normal;\">Hal\u0131 temizleme i\u015flemlerinde tecr\u00fcbelerimizden faydalanmaya ne dersiniz?<\/span><\/h3>\t\t\t\t\t\t\t\t<\/div>\n\t\t\t\t<\/div>\n\t\t\t\t\t<\/div>\n\t\t<\/div>\n\t\t\t\t<div class=\"elementor-column elementor-col-50 elementor-top-column elementor-element elementor-element-5f71783\" data-id=\"5f71783\" data-element_type=\"column\" data-settings=\"{&quot;animation&quot;:&quot;none&quot;}\">\n\t\t\t<div class=\"elementor-widget-wrap elementor-element-populated\">\n\t\t\t\t\t\t<div class=\"elementor-element elementor-element-d1bdeb1 elementor-invisible elementor-widget elementor-widget-video\" data-id=\"d1bdeb1\" data-element_type=\"widget\" data-settings=\"{&quot;youtube_url&quot;:&quot;https:\\\/\\\/www.youtube.com\\\/watch?v=vB4TX592XNg&quot;,&quot;_animation&quot;:&quot;fadeIn&quot;,&quot;video_type&quot;:&quot;youtube&quot;,&quot;controls&quot;:&quot;yes&quot;}\" data-widget_type=\"video.default\">\n\t\t\t\t<div class=\"elementor-widget-container\">\n\t\t\t\t\t\t\t<div class=\"elementor-wrapper elementor-open-inline\">\n\t\t\t<div class=\"elementor-video\"><\/div>\t\t<\/div>\n\t\t\t\t\t\t<\/div>\n\t\t\t\t<\/div>\n\t\t\t\t\t<\/div>\n\t\t<\/div>\n\t\t\t\t\t<\/div>\n\t\t<\/section>\n\t\t\t\t<section class=\"elementor-section elementor-top-section elementor-element elementor-element-2d58f41 elementor-section-boxed elementor-section-height-default elementor-section-height-default\" data-id=\"2d58f41\" data-element_type=\"section\">\n\t\t\t\t\t\t<div class=\"elementor-container elementor-column-gap-default\">\n\t\t\t\t\t<div class=\"elementor-column elementor-col-100 elementor-top-column elementor-element elementor-element-00bdb92\" data-id=\"00bdb92\" data-element_type=\"column\">\n\t\t\t<div class=\"elementor-widget-wrap elementor-element-populated\">\n\t\t\t\t\t\t<div class=\"elementor-element elementor-element-3350103 elementor-invisible elementor-widget elementor-widget-heading\" data-id=\"3350103\" data-element_type=\"widget\" data-settings=\"{&quot;_animation&quot;:&quot;rubberBand&quot;}\" data-widget_type=\"heading.default\">\n\t\t\t\t<div class=\"elementor-widget-container\">\n\t\t\t\t\t<h2 class=\"elementor-heading-title elementor-size-default\">Ab 75 Euro kostenlose Lieferung<\/h2>\t\t\t\t<\/div>\n\t\t\t\t<\/div>\n\t\t\t\t\t<\/div>\n\t\t<\/div>\n\t\t\t\t\t<\/div>\n\t\t<\/section>\n\t\t\t\t<\/div>","protected":false},"excerpt":{"rendered":"<p>Abhol- &amp; Lieferservice Als einer der gr\u00f6\u00dften Anbieter f\u00fcr Teppichreiniger in Deutschland sind wir mit unseren Fahrzeugen&nbsp;5 Tage die Woche von 8:00 bis 18:00 Uhr&nbsp;unterwegs, um ihre Teppiche schmutzig abzuholen und sauber wieder auszuliefern. In Mannheim, Weinheim, Offenbach und Frankfurt stellen wir eine der marktf\u00fchrenden Teppichreinigungsfirmen dar. Falls es bei Ihnen zeitlich etwas eng sein [&hellip;]<\/p>","protected":false},"author":1,"featured_media":0,"parent":0,"menu_order":0,"comment_status":"closed","ping_status":"closed","template":"","meta":{"ocean_post_layout":"full-screen","ocean_both_sidebars_style":"","ocean_both_sidebars_content_width":0,"ocean_both_sidebars_sidebars_width":0,"ocean_sidebar":"0","ocean_second_sidebar":"0","ocean_disable_margins":"enable","ocean_add_body_class":"","ocean_shortcode_before_top_bar":"","ocean_shortcode_after_top_bar":"","ocean_shortcode_before_header":"","ocean_shortcode_after_header":"","ocean_has_shortcode":"","ocean_shortcode_after_title":"","ocean_shortcode_before_footer_widgets":"","ocean_shortcode_after_footer_widgets":"","ocean_shortcode_before_footer_bottom":"","ocean_shortcode_after_footer_bottom":"","ocean_display_top_bar":"on","ocean_display_header":"on","ocean_header_style":"","ocean_center_header_left_menu":"0","ocean_custom_header_template":"0","ocean_custom_logo":0,"ocean_custom_retina_logo":0,"ocean_custom_logo_max_width":0,"ocean_custom_logo_tablet_max_width":0,"ocean_custom_logo_mobile_max_width":0,"ocean_custom_logo_max_height":0,"ocean_custom_logo_tablet_max_height":0,"ocean_custom_logo_mobile_max_height":0,"ocean_header_custom_menu":"0","ocean_menu_typo_font_family":"0","ocean_menu_typo_font_subset":"","ocean_menu_typo_font_size":0,"ocean_menu_typo_font_size_tablet":0,"ocean_menu_typo_font_size_mobile":0,"ocean_menu_typo_font_size_unit":"px","ocean_menu_typo_font_weight":"","ocean_menu_typo_font_weight_tablet":"","ocean_menu_typo_font_weight_mobile":"","ocean_menu_typo_transform":"","ocean_menu_typo_transform_tablet":"","ocean_menu_typo_transform_mobile":"","ocean_menu_typo_line_height":0,"ocean_menu_typo_line_height_tablet":0,"ocean_menu_typo_line_height_mobile":0,"ocean_menu_typo_line_height_unit":"","ocean_menu_typo_spacing":0,"ocean_menu_typo_spacing_tablet":0,"ocean_menu_typo_spacing_mobile":0,"ocean_menu_typo_spacing_unit":"","ocean_menu_link_color":"","ocean_menu_link_color_hover":"","ocean_menu_link_color_active":"","ocean_menu_link_background":"","ocean_menu_link_hover_background":"","ocean_menu_link_active_background":"","ocean_menu_social_links_bg":"","ocean_menu_social_hover_links_bg":"","ocean_menu_social_links_color":"","ocean_menu_social_hover_links_color":"","ocean_disable_title":"on","ocean_disable_heading":"default","ocean_post_title":"","ocean_post_subheading":"","ocean_post_title_style":"","ocean_post_title_background_color":"","ocean_post_title_background":0,"ocean_post_title_bg_image_position":"","ocean_post_title_bg_image_attachment":"","ocean_post_title_bg_image_repeat":"","ocean_post_title_bg_image_size":"","ocean_post_title_height":0,"ocean_post_title_bg_overlay":0.5,"ocean_post_title_bg_overlay_color":"","ocean_disable_breadcrumbs":"default","ocean_breadcrumbs_color":"","ocean_breadcrumbs_separator_color":"","ocean_breadcrumbs_links_color":"","ocean_breadcrumbs_links_hover_color":"","ocean_display_footer_widgets":"on","ocean_display_footer_bottom":"on","ocean_custom_footer_template":"0","_joinchat":[],"footnotes":""},"class_list":["post-69","page","type-page","status-publish","hentry","entry"],"yoast_head":"<!-- This site is optimized with the Yoast SEO plugin v24.4 - https:\/\/yoast.com\/wordpress\/plugins\/seo\/ -->\n<title>Lieferservice - Ege Teppichreinigung<\/title>\n<meta name=\"robots\" content=\"index, follow, max-snippet:-1, max-image-preview:large, max-video-preview:-1\" \/>\n<link rel=\"canonical\" href=\"https:\/\/www.ege-teppichreinigung.de\/tr\/lieferservice\/\" \/>\n<meta property=\"og:locale\" content=\"tr_TR\" \/>\n<meta property=\"og:type\" content=\"article\" \/>\n<meta property=\"og:title\" content=\"Lieferservice - Ege Teppichreinigung\" \/>\n<meta property=\"og:description\" content=\"Abhol- &amp; Lieferservice Als einer der gr\u00f6\u00dften Anbieter f\u00fcr Teppichreiniger in Deutschland sind wir mit unseren Fahrzeugen&nbsp;5 Tage die Woche von 8:00 bis 18:00 Uhr&nbsp;unterwegs, um ihre Teppiche schmutzig abzuholen und sauber wieder auszuliefern. In Mannheim, Weinheim, Offenbach und Frankfurt stellen wir eine der marktf\u00fchrenden Teppichreinigungsfirmen dar. Falls es bei Ihnen zeitlich etwas eng sein [&hellip;]\" \/>\n<meta property=\"og:url\" content=\"https:\/\/www.ege-teppichreinigung.de\/tr\/lieferservice\/\" \/>\n<meta property=\"og:site_name\" content=\"Ege Teppichreinigung\" \/>\n<meta property=\"article:modified_time\" content=\"2024-01-13T21:25:19+00:00\" \/>\n<meta name=\"twitter:card\" content=\"summary_large_image\" \/>\n<meta name=\"twitter:label1\" content=\"Tahmini okuma s\u00fcresi\" \/>\n\t<meta name=\"twitter:data1\" content=\"1 dakika\" \/>\n<script type=\"application\/ld+json\" class=\"yoast-schema-graph\">{\"@context\":\"https:\/\/schema.org\",\"@graph\":[{\"@type\":\"WebPage\",\"@id\":\"https:\/\/www.ege-teppichreinigung.de\/lieferservice\/\",\"url\":\"https:\/\/www.ege-teppichreinigung.de\/lieferservice\/\",\"name\":\"Lieferservice - Ege Teppichreinigung\",\"isPartOf\":{\"@id\":\"https:\/\/www.ege-teppichreinigung.de\/#website\"},\"datePublished\":\"2020-11-29T11:23:13+00:00\",\"dateModified\":\"2024-01-13T21:25:19+00:00\",\"breadcrumb\":{\"@id\":\"https:\/\/www.ege-teppichreinigung.de\/lieferservice\/#breadcrumb\"},\"inLanguage\":\"tr\",\"potentialAction\":[{\"@type\":\"ReadAction\",\"target\":[\"https:\/\/www.ege-teppichreinigung.de\/lieferservice\/\"]}]},{\"@type\":\"BreadcrumbList\",\"@id\":\"https:\/\/www.ege-teppichreinigung.de\/lieferservice\/#breadcrumb\",\"itemListElement\":[{\"@type\":\"ListItem\",\"position\":1,\"name\":\"Home\",\"item\":\"https:\/\/www.ege-teppichreinigung.de\/\"},{\"@type\":\"ListItem\",\"position\":2,\"name\":\"Lieferservice\"}]},{\"@type\":\"WebSite\",\"@id\":\"https:\/\/www.ege-teppichreinigung.de\/#website\",\"url\":\"https:\/\/www.ege-teppichreinigung.de\/\",\"name\":\"Ege Teppichreinigung\",\"description\":\"\",\"publisher\":{\"@id\":\"https:\/\/www.ege-teppichreinigung.de\/#organization\"},\"potentialAction\":[{\"@type\":\"SearchAction\",\"target\":{\"@type\":\"EntryPoint\",\"urlTemplate\":\"https:\/\/www.ege-teppichreinigung.de\/?s={search_term_string}\"},\"query-input\":{\"@type\":\"PropertyValueSpecification\",\"valueRequired\":true,\"valueName\":\"search_term_string\"}}],\"inLanguage\":\"tr\"},{\"@type\":\"Organization\",\"@id\":\"https:\/\/www.ege-teppichreinigung.de\/#organization\",\"name\":\"Ege Teppichreinigung\",\"url\":\"https:\/\/www.ege-teppichreinigung.de\/\",\"logo\":{\"@type\":\"ImageObject\",\"inLanguage\":\"tr\",\"@id\":\"https:\/\/www.ege-teppichreinigung.de\/#\/schema\/logo\/image\/\",\"url\":\"https:\/\/www.ege-teppichreinigung.de\/wp-content\/uploads\/2020\/12\/cropped-logo_neu_2.jpg\",\"contentUrl\":\"https:\/\/www.ege-teppichreinigung.de\/wp-content\/uploads\/2020\/12\/cropped-logo_neu_2.jpg\",\"width\":748,\"height\":311,\"caption\":\"Ege Teppichreinigung\"},\"image\":{\"@id\":\"https:\/\/www.ege-teppichreinigung.de\/#\/schema\/logo\/image\/\"}}]}<\/script>\n<!-- \/ Yoast SEO plugin. -->","yoast_head_json":{"title":"Lieferservice - Ege Teppichreinigung","robots":{"index":"index","follow":"follow","max-snippet":"max-snippet:-1","max-image-preview":"max-image-preview:large","max-video-preview":"max-video-preview:-1"},"canonical":"https:\/\/www.ege-teppichreinigung.de\/tr\/lieferservice\/","og_locale":"tr_TR","og_type":"article","og_title":"Lieferservice - Ege Teppichreinigung","og_description":"Abhol- &amp; Lieferservice Als einer der gr\u00f6\u00dften Anbieter f\u00fcr Teppichreiniger in Deutschland sind wir mit unseren Fahrzeugen&nbsp;5 Tage die Woche von 8:00 bis 18:00 Uhr&nbsp;unterwegs, um ihre Teppiche schmutzig abzuholen und sauber wieder auszuliefern. In Mannheim, Weinheim, Offenbach und Frankfurt stellen wir eine der marktf\u00fchrenden Teppichreinigungsfirmen dar. Falls es bei Ihnen zeitlich etwas eng sein [&hellip;]","og_url":"https:\/\/www.ege-teppichreinigung.de\/tr\/lieferservice\/","og_site_name":"Ege Teppichreinigung","article_modified_time":"2024-01-13T21:25:19+00:00","twitter_card":"summary_large_image","twitter_misc":{"Tahmini okuma s\u00fcresi":"1 dakika"},"schema":{"@context":"https:\/\/schema.org","@graph":[{"@type":"WebPage","@id":"https:\/\/www.ege-teppichreinigung.de\/lieferservice\/","url":"https:\/\/www.ege-teppichreinigung.de\/lieferservice\/","name":"Lieferservice - Ege Teppichreinigung","isPartOf":{"@id":"https:\/\/www.ege-teppichreinigung.de\/#website"},"datePublished":"2020-11-29T11:23:13+00:00","dateModified":"2024-01-13T21:25:19+00:00","breadcrumb":{"@id":"https:\/\/www.ege-teppichreinigung.de\/lieferservice\/#breadcrumb"},"inLanguage":"tr","potentialAction":[{"@type":"ReadAction","target":["https:\/\/www.ege-teppichreinigung.de\/lieferservice\/"]}]},{"@type":"BreadcrumbList","@id":"https:\/\/www.ege-teppichreinigung.de\/lieferservice\/#breadcrumb","itemListElement":[{"@type":"ListItem","position":1,"name":"Home","item":"https:\/\/www.ege-teppichreinigung.de\/"},{"@type":"ListItem","position":2,"name":"Lieferservice"}]},{"@type":"WebSite","@id":"https:\/\/www.ege-teppichreinigung.de\/#website","url":"https:\/\/www.ege-teppichreinigung.de\/","name":"Ege Teppichreinigung","description":"","publisher":{"@id":"https:\/\/www.ege-teppichreinigung.de\/#organization"},"potentialAction":[{"@type":"SearchAction","target":{"@type":"EntryPoint","urlTemplate":"https:\/\/www.ege-teppichreinigung.de\/?s={search_term_string}"},"query-input":{"@type":"PropertyValueSpecification","valueRequired":true,"valueName":"search_term_string"}}],"inLanguage":"tr"},{"@type":"Organization","@id":"https:\/\/www.ege-teppichreinigung.de\/#organization","name":"Ege Teppichreinigung","url":"https:\/\/www.ege-teppichreinigung.de\/","logo":{"@type":"ImageObject","inLanguage":"tr","@id":"https:\/\/www.ege-teppichreinigung.de\/#\/schema\/logo\/image\/","url":"https:\/\/www.ege-teppichreinigung.de\/wp-content\/uploads\/2020\/12\/cropped-logo_neu_2.jpg","contentUrl":"https:\/\/www.ege-teppichreinigung.de\/wp-content\/uploads\/2020\/12\/cropped-logo_neu_2.jpg","width":748,"height":311,"caption":"Ege Teppichreinigung"},"image":{"@id":"https:\/\/www.ege-teppichreinigung.de\/#\/schema\/logo\/image\/"}}]}},"_links":{"self":[{"href":"https:\/\/www.ege-teppichreinigung.de\/tr\/wp-json\/wp\/v2\/pages\/69","targetHints":{"allow":["GET"]}}],"collection":[{"href":"https:\/\/www.ege-teppichreinigung.de\/tr\/wp-json\/wp\/v2\/pages"}],"about":[{"href":"https:\/\/www.ege-teppichreinigung.de\/tr\/wp-json\/wp\/v2\/types\/page"}],"author":[{"embeddable":true,"href":"https:\/\/www.ege-teppichreinigung.de\/tr\/wp-json\/wp\/v2\/users\/1"}],"replies":[{"embeddable":true,"href":"https:\/\/www.ege-teppichreinigung.de\/tr\/wp-json\/wp\/v2\/comments?post=69"}],"version-history":[{"count":49,"href":"https:\/\/www.ege-teppichreinigung.de\/tr\/wp-json\/wp\/v2\/pages\/69\/revisions"}],"predecessor-version":[{"id":1792,"href":"https:\/\/www.ege-teppichreinigung.de\/tr\/wp-json\/wp\/v2\/pages\/69\/revisions\/1792"}],"wp:attachment":[{"href":"https:\/\/www.ege-teppichreinigung.de\/tr\/wp-json\/wp\/v2\/media?parent=69"}],"curies":[{"name":"wp","href":"https:\/\/api.w.org\/{rel}","templated":true}]}}