{"id":73,"date":"2020-11-29T11:25:41","date_gmt":"2020-11-29T11:25:41","guid":{"rendered":"http:\/\/www.ege-teppichreinigung.de\/?page_id=73"},"modified":"2020-12-22T21:19:03","modified_gmt":"2020-12-22T21:19:03","slug":"agb","status":"publish","type":"page","link":"https:\/\/www.ege-teppichreinigung.de\/tr\/agb\/","title":{"rendered":"AGB"},"content":{"rendered":"<div data-elementor-type=\"wp-page\" data-elementor-id=\"73\" class=\"elementor elementor-73\">\n\t\t\t\t\t\t<section class=\"elementor-section elementor-top-section elementor-element elementor-element-34c5aff elementor-section-boxed elementor-section-height-default elementor-section-height-default\" data-id=\"34c5aff\" data-element_type=\"section\">\n\t\t\t\t\t\t<div class=\"elementor-container elementor-column-gap-default\">\n\t\t\t\t\t<div class=\"elementor-column elementor-col-100 elementor-top-column elementor-element elementor-element-4acfdb5\" data-id=\"4acfdb5\" data-element_type=\"column\">\n\t\t\t<div class=\"elementor-widget-wrap elementor-element-populated\">\n\t\t\t\t\t\t<div class=\"elementor-element elementor-element-a431736 elementor-widget elementor-widget-spacer\" data-id=\"a431736\" data-element_type=\"widget\" data-widget_type=\"spacer.default\">\n\t\t\t\t<div class=\"elementor-widget-container\">\n\t\t\t\t\t\t\t<div class=\"elementor-spacer\">\n\t\t\t<div class=\"elementor-spacer-inner\"><\/div>\n\t\t<\/div>\n\t\t\t\t\t\t<\/div>\n\t\t\t\t<\/div>\n\t\t\t\t\t<\/div>\n\t\t<\/div>\n\t\t\t\t\t<\/div>\n\t\t<\/section>\n\t\t\t\t<section class=\"elementor-section elementor-top-section elementor-element elementor-element-5dc911a elementor-section-boxed elementor-section-height-default elementor-section-height-default\" data-id=\"5dc911a\" data-element_type=\"section\">\n\t\t\t\t\t\t<div class=\"elementor-container elementor-column-gap-default\">\n\t\t\t\t\t<div class=\"elementor-column elementor-col-100 elementor-top-column elementor-element elementor-element-3d35271\" data-id=\"3d35271\" data-element_type=\"column\">\n\t\t\t<div class=\"elementor-widget-wrap elementor-element-populated\">\n\t\t\t\t\t\t<div class=\"elementor-element elementor-element-3793be7 elementor-widget elementor-widget-heading\" data-id=\"3793be7\" data-element_type=\"widget\" data-widget_type=\"heading.default\">\n\t\t\t\t<div class=\"elementor-widget-container\">\n\t\t\t\t\t<h2 class=\"elementor-heading-title elementor-size-default\">Allgemeine Gesch\u00e4ftsbedingungen<\/h2>\t\t\t\t<\/div>\n\t\t\t\t<\/div>\n\t\t\t\t<div class=\"elementor-element elementor-element-a62d6c4 elementor-widget elementor-widget-text-editor\" data-id=\"a62d6c4\" data-element_type=\"widget\" data-widget_type=\"text-editor.default\">\n\t\t\t\t<div class=\"elementor-widget-container\">\n\t\t\t\t\t\t\t\t\t<h5><span style=\"font-weight: normal;\">\u00a7 1 Allgemein<br \/>Nachstehende Bedingungen sind Inhalt eines jeden mit abgeschlossenen Vertrages. Entgegenstehende Gesch\u00e4ftsbedingungen des<br \/>Auftraggebers sind unwirksam. M\u00fcndliche Nebenabreden haben keine Rechtsg\u00fcltigkeit, solange sie nicht schriftlich best\u00e4tigt sind.<\/span><\/h5><h5><span style=\"font-size: 15px; font-weight: normal;\">\u00a7 2 Lieferzeit<\/span><\/h5><h5><span style=\"font-weight: normal;\">Die Lieferzeit wird gerechnet vom Tag der Auftragsbest\u00e4tigung bis zum Tag der Lieferung. Die Lieferfristen werden im Rahmen des M\u00f6glichen eingehalten; aus einer \u00dcberschreitung der Lieferfrist kann kein Schadenersatzanspruch abgeleitet werden. Eventuelle Anspr\u00fcche beschr\u00e4nken sich auf den bearbeiteten Gegenstand; Folgesch\u00e4den bleiben unber\u00fccksichtigt.<\/span><\/h5><div><h5><span style=\"font-weight: normal;\">\u00a7 3 Lieferung<br \/>Sofern nicht anders vereinbart, erfolgt die Lieferung an die vom Besteller angegebene Lieferadresse.<\/span><\/h5><h5><span style=\"font-weight: normal;\">\u00a7 4 Preise<br \/>Ma\u00dfgebend sind die am Tag der Lieferung g\u00fcltigen Preise unserer Preisliste. Alle Nebenkosten, welche nicht unmittelbar mit der W\u00e4sche<br \/>zusammenh\u00e4ngen, wie Transport, Zollabnahme, \u00dcbernahme ab Lager, Freihafen, usw., gehen zu Laste des Auftragsgebers, ansonsten gelten die in unserer Auftragsbest\u00e4tigung vereinbarten Preise.<\/span><\/h5><h5><span style=\"font-weight: normal;\">\u00a7 5 Zuschl\u00e4ge<br \/>Die Behandlung vom verf\u00e4rbten Teppichen sowie antiken Einzelst\u00fccken erfolgt nach Beurteilung und Preisvereinbarung. Teppiche zwischen 0,5 qm und 1,0 qm werden wie 1,0 qm berechnet, kleinere Teppiche nach Vereinbarung. Runde Teppiche werden per Quadratmeter berechnet. F\u00fcr Teppiche \u00fcber 12 qm werden pro m2 9\u20ac berechnet. Eine Transportversicherung wird nur ausdr\u00fccklich auf Wunsch (schriftlich) des Auftraggebers abgeschlossen.<\/span><\/h5><div><h5><span style=\"font-weight: normal;\">\u00a7 6 Reklamation | Schadenersatz<br \/>Wir verpflichten uns zu sach- und fachgerechten Ausf\u00fchrung sowie schonender Behandlung. Die Behandlung der Ware bleibt im<br \/>Ermessen unserer Fachleute. Sollte sich w\u00e4hrend der Behandlung trotz vorheriger Pr\u00fcfung ergeben, dass der Auftrag aus irgendwelchen\u00a0Gr\u00fcnden nicht durchf\u00fchrbar ist, so sind wir berechtigt, vom Vertrag zur\u00fcckzutreten. In diesem Falle hat der Auftraggeber nur Anspruch auf kostenlose Zur\u00fcckgabe der Ware in dem jeweiligen Zustand.<\/span><\/h5><h5><span style=\"font-weight: normal;\">Reklamationen werden nur beachtet, wenn Sie uns binnen acht Tagen nach R\u00fcckgabe oder Aufgabe zum Versand angezeigt werden.<br \/>Anspr\u00fcche auf Schadenersatz bestehen nur, wenn der Schaden auf einem vors\u00e4tzlichen oder grob fahrl\u00e4ssigen Verhalten unsererseits oder von uns hinzugezogenen Erf\u00fcllungshilfen beruht. Anspr\u00fcche auf Ersatz von Folgesch\u00e4den sind ausgeschlossen.<\/span><\/h5><h5><span style=\"font-weight: normal;\">\u00a7 7 Haftungsausschluss<br \/>F\u00fcr Farbechtheit, Haltbarkeit beim Waschen (morsche Stellen), Ma\u00dfver\u00e4nderungen und der weiteren Nachbehandlung der Teppiche wir keine Haftung \u00fcbernommen. Eine Haftung f\u00fcr den Verlust von Zoll-, Plomben oder Etiketten bei der Behandlung von Teppichen ist ausgeschlossen. Die uns \u00fcberlassenen Ma\u00dflisten werden bis zu einer eventuellen Festellung von Unrichtigkeiten zugrunde gelegt.<\/span><\/h5><div><h5><span style=\"font-weight: normal;\">Wir \u00fcbernehmen jedoch keine Haftung f\u00fcr die Richtigkeit der Auftraggeberlisten. Soweit wir \u2013 wozu wir nicht verpflichtet sind eine<br \/>Versicherung abgeschlossen haben, werden Ersatzanspr\u00fcche gegen die Versicherung an den Auftraggeber abgetreten.<\/span><\/h5><h5><span style=\"font-weight: normal;\">F\u00fcr Antik- bzw. Altw\u00e4scheauftr\u00e4ge, bei denen Farbver\u00e4nderungen oder Farbt\u00f6nungen erreicht werden sollen, wird keine Haftung \u00fcbernommen. Weiterhin wird jede Haftung f\u00fcr durch Spannen verursachte Sch\u00e4den, wie z.B. L\u00f6cher, die durch Festnageln der Teppiche oder duch die Makierung der Teppich bei Annahme, entstehen k\u00f6nnen, nicht \u00fcbernommen. Eine Haftung f\u00fcr Ma\u00dfver\u00e4nderungen, die im Rahmen oder fachgerechten Bearbeitung auftreten, k\u00f6nnen wir nicht \u00fcbernehmen.<\/span><\/h5><h5><span style=\"font-weight: normal;\">\u00a7 8 Berechnung von Lagergeld<br \/>Bleibt der Aufraggeber nach Anzeige der Fertigstellung mit der Abnahme der Ware l\u00e4nger als 10 Tage im R\u00fcckstand, so sind wir, nach Setzen einer Nachfrist von 4 Tagen, berechtigt, die Ware in unserer Aufbewahrungsabteilung zu \u00fcbernehmen und die Lagerung, die auf Gefahr des Auftraggebers erfolgt, zu den geltenden Tarifen in Rechnung zu stellen.<\/span><\/h5><h5><span style=\"font-weight: normal;\">\u00a7 9 Erf\u00fcllungsort und Gerichtstand<br \/>Erf\u00fcllungsort ist f\u00fcr beide Teile Langen. F\u00fcr s\u00e4mtliche gegenw\u00e4rtigen und zuk\u00fcnftigen Anspr\u00fcche aus der Gesch\u00e4ftsverbindung mit Volkaufleuten einschlie\u00dflich Wechsel- und Scheckforderungen ist ausschlie\u00dflich Gerichtsstand Langen.<br \/>Der gleiche Gerichtsstand gilt, wenn der Auftraggeber keinen allgemeinen Gerichtstand im Inland hat, nach Vertragabschluss seinen Wohnsitz oder gew\u00f6hnlichen Aufenthaltsort aus dem Inland verlegt oder seinen Wohnsitz oder gew\u00f6hnlichen Aufenthaltsort zum Zeitpunkt der Klageerhebung nicht bekannt ist.<\/span><\/h5><\/div><\/div><\/div>\t\t\t\t\t\t\t\t<\/div>\n\t\t\t\t<\/div>\n\t\t\t\t\t<\/div>\n\t\t<\/div>\n\t\t\t\t\t<\/div>\n\t\t<\/section>\n\t\t\t\t<\/div>","protected":false},"excerpt":{"rendered":"<p>Allgemeine Gesch\u00e4ftsbedingungen \u00a7 1 AllgemeinNachstehende Bedingungen sind Inhalt eines jeden mit abgeschlossenen Vertrages. Entgegenstehende Gesch\u00e4ftsbedingungen desAuftraggebers sind unwirksam. M\u00fcndliche Nebenabreden haben keine Rechtsg\u00fcltigkeit, solange sie nicht schriftlich best\u00e4tigt sind. \u00a7 2 Lieferzeit Die Lieferzeit wird gerechnet vom Tag der Auftragsbest\u00e4tigung bis zum Tag der Lieferung. Die Lieferfristen werden im Rahmen des M\u00f6glichen eingehalten; aus einer [&hellip;]<\/p>","protected":false},"author":1,"featured_media":0,"parent":0,"menu_order":0,"comment_status":"closed","ping_status":"closed","template":"","meta":{"ocean_post_layout":"full-screen","ocean_both_sidebars_style":"","ocean_both_sidebars_content_width":0,"ocean_both_sidebars_sidebars_width":0,"ocean_sidebar":"0","ocean_second_sidebar":"0","ocean_disable_margins":"enable","ocean_add_body_class":"","ocean_shortcode_before_top_bar":"","ocean_shortcode_after_top_bar":"","ocean_shortcode_before_header":"","ocean_shortcode_after_header":"","ocean_has_shortcode":"","ocean_shortcode_after_title":"","ocean_shortcode_before_footer_widgets":"","ocean_shortcode_after_footer_widgets":"","ocean_shortcode_before_footer_bottom":"","ocean_shortcode_after_footer_bottom":"","ocean_display_top_bar":"on","ocean_display_header":"on","ocean_header_style":"","ocean_center_header_left_menu":"0","ocean_custom_header_template":"0","ocean_custom_logo":0,"ocean_custom_retina_logo":0,"ocean_custom_logo_max_width":0,"ocean_custom_logo_tablet_max_width":0,"ocean_custom_logo_mobile_max_width":0,"ocean_custom_logo_max_height":0,"ocean_custom_logo_tablet_max_height":0,"ocean_custom_logo_mobile_max_height":0,"ocean_header_custom_menu":"0","ocean_menu_typo_font_family":"0","ocean_menu_typo_font_subset":"","ocean_menu_typo_font_size":0,"ocean_menu_typo_font_size_tablet":0,"ocean_menu_typo_font_size_mobile":0,"ocean_menu_typo_font_size_unit":"px","ocean_menu_typo_font_weight":"","ocean_menu_typo_font_weight_tablet":"","ocean_menu_typo_font_weight_mobile":"","ocean_menu_typo_transform":"","ocean_menu_typo_transform_tablet":"","ocean_menu_typo_transform_mobile":"","ocean_menu_typo_line_height":0,"ocean_menu_typo_line_height_tablet":0,"ocean_menu_typo_line_height_mobile":0,"ocean_menu_typo_line_height_unit":"","ocean_menu_typo_spacing":0,"ocean_menu_typo_spacing_tablet":0,"ocean_menu_typo_spacing_mobile":0,"ocean_menu_typo_spacing_unit":"","ocean_menu_link_color":"","ocean_menu_link_color_hover":"","ocean_menu_link_color_active":"","ocean_menu_link_background":"","ocean_menu_link_hover_background":"","ocean_menu_link_active_background":"","ocean_menu_social_links_bg":"","ocean_menu_social_hover_links_bg":"","ocean_menu_social_links_color":"","ocean_menu_social_hover_links_color":"","ocean_disable_title":"on","ocean_disable_heading":"default","ocean_post_title":"","ocean_post_subheading":"","ocean_post_title_style":"","ocean_post_title_background_color":"","ocean_post_title_background":0,"ocean_post_title_bg_image_position":"","ocean_post_title_bg_image_attachment":"","ocean_post_title_bg_image_repeat":"","ocean_post_title_bg_image_size":"","ocean_post_title_height":0,"ocean_post_title_bg_overlay":0.5,"ocean_post_title_bg_overlay_color":"","ocean_disable_breadcrumbs":"default","ocean_breadcrumbs_color":"","ocean_breadcrumbs_separator_color":"","ocean_breadcrumbs_links_color":"","ocean_breadcrumbs_links_hover_color":"","ocean_display_footer_widgets":"on","ocean_display_footer_bottom":"on","ocean_custom_footer_template":"0","_joinchat":[],"footnotes":""},"class_list":["post-73","page","type-page","status-publish","hentry","entry"],"yoast_head":"<!-- This site is optimized with the Yoast SEO plugin v24.4 - https:\/\/yoast.com\/wordpress\/plugins\/seo\/ -->\n<title>AGB - Ege Teppichreinigung<\/title>\n<meta name=\"robots\" content=\"index, follow, max-snippet:-1, max-image-preview:large, max-video-preview:-1\" \/>\n<link rel=\"canonical\" href=\"https:\/\/www.ege-teppichreinigung.de\/tr\/agb\/\" \/>\n<meta property=\"og:locale\" content=\"tr_TR\" \/>\n<meta property=\"og:type\" content=\"article\" \/>\n<meta property=\"og:title\" content=\"AGB - Ege Teppichreinigung\" \/>\n<meta property=\"og:description\" content=\"Allgemeine Gesch\u00e4ftsbedingungen \u00a7 1 AllgemeinNachstehende Bedingungen sind Inhalt eines jeden mit abgeschlossenen Vertrages. Entgegenstehende Gesch\u00e4ftsbedingungen desAuftraggebers sind unwirksam. M\u00fcndliche Nebenabreden haben keine Rechtsg\u00fcltigkeit, solange sie nicht schriftlich best\u00e4tigt sind. \u00a7 2 Lieferzeit Die Lieferzeit wird gerechnet vom Tag der Auftragsbest\u00e4tigung bis zum Tag der Lieferung. Die Lieferfristen werden im Rahmen des M\u00f6glichen eingehalten; aus einer [&hellip;]\" \/>\n<meta property=\"og:url\" content=\"https:\/\/www.ege-teppichreinigung.de\/tr\/agb\/\" \/>\n<meta property=\"og:site_name\" content=\"Ege Teppichreinigung\" \/>\n<meta property=\"article:modified_time\" content=\"2020-12-22T21:19:03+00:00\" \/>\n<meta name=\"twitter:card\" content=\"summary_large_image\" \/>\n<meta name=\"twitter:label1\" content=\"Tahmini okuma s\u00fcresi\" \/>\n\t<meta name=\"twitter:data1\" content=\"3 dakika\" \/>\n<script type=\"application\/ld+json\" class=\"yoast-schema-graph\">{\"@context\":\"https:\/\/schema.org\",\"@graph\":[{\"@type\":\"WebPage\",\"@id\":\"https:\/\/www.ege-teppichreinigung.de\/agb\/\",\"url\":\"https:\/\/www.ege-teppichreinigung.de\/agb\/\",\"name\":\"AGB - Ege Teppichreinigung\",\"isPartOf\":{\"@id\":\"https:\/\/www.ege-teppichreinigung.de\/#website\"},\"datePublished\":\"2020-11-29T11:25:41+00:00\",\"dateModified\":\"2020-12-22T21:19:03+00:00\",\"breadcrumb\":{\"@id\":\"https:\/\/www.ege-teppichreinigung.de\/agb\/#breadcrumb\"},\"inLanguage\":\"tr\",\"potentialAction\":[{\"@type\":\"ReadAction\",\"target\":[\"https:\/\/www.ege-teppichreinigung.de\/agb\/\"]}]},{\"@type\":\"BreadcrumbList\",\"@id\":\"https:\/\/www.ege-teppichreinigung.de\/agb\/#breadcrumb\",\"itemListElement\":[{\"@type\":\"ListItem\",\"position\":1,\"name\":\"Home\",\"item\":\"https:\/\/www.ege-teppichreinigung.de\/\"},{\"@type\":\"ListItem\",\"position\":2,\"name\":\"AGB\"}]},{\"@type\":\"WebSite\",\"@id\":\"https:\/\/www.ege-teppichreinigung.de\/#website\",\"url\":\"https:\/\/www.ege-teppichreinigung.de\/\",\"name\":\"Ege Teppichreinigung\",\"description\":\"\",\"publisher\":{\"@id\":\"https:\/\/www.ege-teppichreinigung.de\/#organization\"},\"potentialAction\":[{\"@type\":\"SearchAction\",\"target\":{\"@type\":\"EntryPoint\",\"urlTemplate\":\"https:\/\/www.ege-teppichreinigung.de\/?s={search_term_string}\"},\"query-input\":{\"@type\":\"PropertyValueSpecification\",\"valueRequired\":true,\"valueName\":\"search_term_string\"}}],\"inLanguage\":\"tr\"},{\"@type\":\"Organization\",\"@id\":\"https:\/\/www.ege-teppichreinigung.de\/#organization\",\"name\":\"Ege Teppichreinigung\",\"url\":\"https:\/\/www.ege-teppichreinigung.de\/\",\"logo\":{\"@type\":\"ImageObject\",\"inLanguage\":\"tr\",\"@id\":\"https:\/\/www.ege-teppichreinigung.de\/#\/schema\/logo\/image\/\",\"url\":\"https:\/\/www.ege-teppichreinigung.de\/wp-content\/uploads\/2020\/12\/cropped-logo_neu_2.jpg\",\"contentUrl\":\"https:\/\/www.ege-teppichreinigung.de\/wp-content\/uploads\/2020\/12\/cropped-logo_neu_2.jpg\",\"width\":748,\"height\":311,\"caption\":\"Ege Teppichreinigung\"},\"image\":{\"@id\":\"https:\/\/www.ege-teppichreinigung.de\/#\/schema\/logo\/image\/\"}}]}<\/script>\n<!-- \/ Yoast SEO plugin. -->","yoast_head_json":{"title":"AGB - Ege Teppichreinigung","robots":{"index":"index","follow":"follow","max-snippet":"max-snippet:-1","max-image-preview":"max-image-preview:large","max-video-preview":"max-video-preview:-1"},"canonical":"https:\/\/www.ege-teppichreinigung.de\/tr\/agb\/","og_locale":"tr_TR","og_type":"article","og_title":"AGB - Ege Teppichreinigung","og_description":"Allgemeine Gesch\u00e4ftsbedingungen \u00a7 1 AllgemeinNachstehende Bedingungen sind Inhalt eines jeden mit abgeschlossenen Vertrages. Entgegenstehende Gesch\u00e4ftsbedingungen desAuftraggebers sind unwirksam. M\u00fcndliche Nebenabreden haben keine Rechtsg\u00fcltigkeit, solange sie nicht schriftlich best\u00e4tigt sind. \u00a7 2 Lieferzeit Die Lieferzeit wird gerechnet vom Tag der Auftragsbest\u00e4tigung bis zum Tag der Lieferung. Die Lieferfristen werden im Rahmen des M\u00f6glichen eingehalten; aus einer [&hellip;]","og_url":"https:\/\/www.ege-teppichreinigung.de\/tr\/agb\/","og_site_name":"Ege Teppichreinigung","article_modified_time":"2020-12-22T21:19:03+00:00","twitter_card":"summary_large_image","twitter_misc":{"Tahmini okuma s\u00fcresi":"3 dakika"},"schema":{"@context":"https:\/\/schema.org","@graph":[{"@type":"WebPage","@id":"https:\/\/www.ege-teppichreinigung.de\/agb\/","url":"https:\/\/www.ege-teppichreinigung.de\/agb\/","name":"AGB - Ege Teppichreinigung","isPartOf":{"@id":"https:\/\/www.ege-teppichreinigung.de\/#website"},"datePublished":"2020-11-29T11:25:41+00:00","dateModified":"2020-12-22T21:19:03+00:00","breadcrumb":{"@id":"https:\/\/www.ege-teppichreinigung.de\/agb\/#breadcrumb"},"inLanguage":"tr","potentialAction":[{"@type":"ReadAction","target":["https:\/\/www.ege-teppichreinigung.de\/agb\/"]}]},{"@type":"BreadcrumbList","@id":"https:\/\/www.ege-teppichreinigung.de\/agb\/#breadcrumb","itemListElement":[{"@type":"ListItem","position":1,"name":"Home","item":"https:\/\/www.ege-teppichreinigung.de\/"},{"@type":"ListItem","position":2,"name":"AGB"}]},{"@type":"WebSite","@id":"https:\/\/www.ege-teppichreinigung.de\/#website","url":"https:\/\/www.ege-teppichreinigung.de\/","name":"Ege Teppichreinigung","description":"","publisher":{"@id":"https:\/\/www.ege-teppichreinigung.de\/#organization"},"potentialAction":[{"@type":"SearchAction","target":{"@type":"EntryPoint","urlTemplate":"https:\/\/www.ege-teppichreinigung.de\/?s={search_term_string}"},"query-input":{"@type":"PropertyValueSpecification","valueRequired":true,"valueName":"search_term_string"}}],"inLanguage":"tr"},{"@type":"Organization","@id":"https:\/\/www.ege-teppichreinigung.de\/#organization","name":"Ege Teppichreinigung","url":"https:\/\/www.ege-teppichreinigung.de\/","logo":{"@type":"ImageObject","inLanguage":"tr","@id":"https:\/\/www.ege-teppichreinigung.de\/#\/schema\/logo\/image\/","url":"https:\/\/www.ege-teppichreinigung.de\/wp-content\/uploads\/2020\/12\/cropped-logo_neu_2.jpg","contentUrl":"https:\/\/www.ege-teppichreinigung.de\/wp-content\/uploads\/2020\/12\/cropped-logo_neu_2.jpg","width":748,"height":311,"caption":"Ege Teppichreinigung"},"image":{"@id":"https:\/\/www.ege-teppichreinigung.de\/#\/schema\/logo\/image\/"}}]}},"_links":{"self":[{"href":"https:\/\/www.ege-teppichreinigung.de\/tr\/wp-json\/wp\/v2\/pages\/73","targetHints":{"allow":["GET"]}}],"collection":[{"href":"https:\/\/www.ege-teppichreinigung.de\/tr\/wp-json\/wp\/v2\/pages"}],"about":[{"href":"https:\/\/www.ege-teppichreinigung.de\/tr\/wp-json\/wp\/v2\/types\/page"}],"author":[{"embeddable":true,"href":"https:\/\/www.ege-teppichreinigung.de\/tr\/wp-json\/wp\/v2\/users\/1"}],"replies":[{"embeddable":true,"href":"https:\/\/www.ege-teppichreinigung.de\/tr\/wp-json\/wp\/v2\/comments?post=73"}],"version-history":[{"count":41,"href":"https:\/\/www.ege-teppichreinigung.de\/tr\/wp-json\/wp\/v2\/pages\/73\/revisions"}],"predecessor-version":[{"id":651,"href":"https:\/\/www.ege-teppichreinigung.de\/tr\/wp-json\/wp\/v2\/pages\/73\/revisions\/651"}],"wp:attachment":[{"href":"https:\/\/www.ege-teppichreinigung.de\/tr\/wp-json\/wp\/v2\/media?parent=73"}],"curies":[{"name":"wp","href":"https:\/\/api.w.org\/{rel}","templated":true}]}}