{"id":75,"date":"2020-11-29T11:27:22","date_gmt":"2020-11-29T11:27:22","guid":{"rendered":"http:\/\/www.ege-teppichreinigung.de\/?page_id=75"},"modified":"2020-12-22T21:20:30","modified_gmt":"2020-12-22T21:20:30","slug":"uber-uns","status":"publish","type":"page","link":"https:\/\/www.ege-teppichreinigung.de\/tr\/uber-uns\/","title":{"rendered":"Kurumsal"},"content":{"rendered":"<div data-elementor-type=\"wp-page\" data-elementor-id=\"75\" class=\"elementor elementor-75\">\n\t\t\t\t\t\t<section class=\"elementor-section elementor-top-section elementor-element elementor-element-9d2cb5c elementor-section-boxed elementor-section-height-default elementor-section-height-default\" data-id=\"9d2cb5c\" data-element_type=\"section\">\n\t\t\t\t\t\t<div class=\"elementor-container elementor-column-gap-default\">\n\t\t\t\t\t<div class=\"elementor-column elementor-col-100 elementor-top-column elementor-element elementor-element-384146a\" data-id=\"384146a\" data-element_type=\"column\">\n\t\t\t<div class=\"elementor-widget-wrap elementor-element-populated\">\n\t\t\t\t\t\t<div class=\"elementor-element elementor-element-30da7ae elementor-widget elementor-widget-spacer\" data-id=\"30da7ae\" data-element_type=\"widget\" data-widget_type=\"spacer.default\">\n\t\t\t\t<div class=\"elementor-widget-container\">\n\t\t\t\t\t\t\t<div class=\"elementor-spacer\">\n\t\t\t<div class=\"elementor-spacer-inner\"><\/div>\n\t\t<\/div>\n\t\t\t\t\t\t<\/div>\n\t\t\t\t<\/div>\n\t\t\t\t\t<\/div>\n\t\t<\/div>\n\t\t\t\t\t<\/div>\n\t\t<\/section>\n\t\t\t\t<section class=\"elementor-section elementor-top-section elementor-element elementor-element-92a8e3f elementor-section-boxed elementor-section-height-default elementor-section-height-default\" data-id=\"92a8e3f\" data-element_type=\"section\">\n\t\t\t\t\t\t<div class=\"elementor-container elementor-column-gap-default\">\n\t\t\t\t\t<div class=\"elementor-column elementor-col-50 elementor-top-column elementor-element elementor-element-9e2d2b1\" data-id=\"9e2d2b1\" data-element_type=\"column\">\n\t\t\t<div class=\"elementor-widget-wrap\">\n\t\t\t\t\t\t\t<\/div>\n\t\t<\/div>\n\t\t\t\t<div class=\"elementor-column elementor-col-50 elementor-top-column elementor-element elementor-element-a953054\" data-id=\"a953054\" data-element_type=\"column\">\n\t\t\t<div class=\"elementor-widget-wrap elementor-element-populated\">\n\t\t\t\t\t\t<div class=\"elementor-element elementor-element-b5b1bb0 elementor-widget elementor-widget-heading\" data-id=\"b5b1bb0\" data-element_type=\"widget\" data-widget_type=\"heading.default\">\n\t\t\t\t<div class=\"elementor-widget-container\">\n\t\t\t\t\t<h2 class=\"elementor-heading-title elementor-size-default\">Kurumsal<\/h2>\t\t\t\t<\/div>\n\t\t\t\t<\/div>\n\t\t\t\t<div class=\"elementor-element elementor-element-61a386f elementor-widget elementor-widget-text-editor\" data-id=\"61a386f\" data-element_type=\"widget\" data-widget_type=\"text-editor.default\">\n\t\t\t\t<div class=\"elementor-widget-container\">\n\t\t\t\t\t\t\t\t\t<h5><span style=\"font-weight: normal;\">Sizlere verdi\u011fimiz \u00f6nem nedeniyle temizlik ve hijyen odakl\u0131 Ege Hal\u0131 Y\u0131kamay\u0131 2011 y\u0131l\u0131n\u0131n ba\u015flar\u0131nda faaliyete ge\u00e7irdik.Y\u0131llar\u0131n\u0131 y\u0131kama sekt\u00f6r\u00fcne vermi\u015f firmalarla fikir ve ticaret al\u0131\u015fveri\u015finin sa\u011flam\u0131\u015f oldu\u011fu g\u00fc\u00e7 ile k\u0131sa s\u00fcrede sekt\u00f6rde hat\u0131r\u0131 say\u0131l\u0131r yer sahibi olduk.Biyolojik Hal\u0131 \u015eampuanlar\u0131 ve Son Teknoloji cihazlarla Hal\u0131 temizli\u011finde hizmetin en \u00fcst d\u00fczeyde sa\u011flanmas\u0131 i\u00e7in hi\u00e7bir fedakarl\u0131ktan ka\u00e7\u0131nmadan hizmet verme gayreti i\u00e7ersindeyiz. Teknolojiyi ba\u015far\u0131l\u0131, deneyimli ve g\u00fcvenilir ekibimizle birle\u015ftirdik.Siz de\u011ferli m\u00fc\u015fterilerimizin deste\u011fi ile y\u00fckselen ivmemizi,sizlere hissettirmek tek hedefimizdir.\n<br> <\/br>\nHizmetimizi inan\u0131yoruzki hissettirece\u011fiz.<\/span><\/h5>\t\t\t\t\t\t\t\t<\/div>\n\t\t\t\t<\/div>\n\t\t\t\t\t<\/div>\n\t\t<\/div>\n\t\t\t\t\t<\/div>\n\t\t<\/section>\n\t\t\t\t<\/div>","protected":false},"excerpt":{"rendered":"<p>\u00dcber uns Unsere Ege Teppichreinigung er\u00f6ffneten wir im Fr\u00fchjahr 2011. Durch den Austausch von Ideen mit anderen Firmen in dieser Branche haben wir uns verholfen, in k\u00fcrzester Zeit eine bedeutende Stellung in dieser Branche zu erlangen. Wir bringen f\u00fcr Sie mit der modernsten Technik, biologischen Reinigungsmitteln und unserem erfolgreichen, erfahrenen und zuverl\u00e4ssigen Support-Team Ihren Teppich [&hellip;]<\/p>","protected":false},"author":1,"featured_media":0,"parent":0,"menu_order":0,"comment_status":"closed","ping_status":"closed","template":"","meta":{"ocean_post_layout":"full-screen","ocean_both_sidebars_style":"","ocean_both_sidebars_content_width":0,"ocean_both_sidebars_sidebars_width":0,"ocean_sidebar":"0","ocean_second_sidebar":"0","ocean_disable_margins":"enable","ocean_add_body_class":"","ocean_shortcode_before_top_bar":"","ocean_shortcode_after_top_bar":"","ocean_shortcode_before_header":"","ocean_shortcode_after_header":"","ocean_has_shortcode":"","ocean_shortcode_after_title":"","ocean_shortcode_before_footer_widgets":"","ocean_shortcode_after_footer_widgets":"","ocean_shortcode_before_footer_bottom":"","ocean_shortcode_after_footer_bottom":"","ocean_display_top_bar":"on","ocean_display_header":"on","ocean_header_style":"","ocean_center_header_left_menu":"0","ocean_custom_header_template":"0","ocean_custom_logo":0,"ocean_custom_retina_logo":0,"ocean_custom_logo_max_width":0,"ocean_custom_logo_tablet_max_width":0,"ocean_custom_logo_mobile_max_width":0,"ocean_custom_logo_max_height":0,"ocean_custom_logo_tablet_max_height":0,"ocean_custom_logo_mobile_max_height":0,"ocean_header_custom_menu":"0","ocean_menu_typo_font_family":"0","ocean_menu_typo_font_subset":"","ocean_menu_typo_font_size":0,"ocean_menu_typo_font_size_tablet":0,"ocean_menu_typo_font_size_mobile":0,"ocean_menu_typo_font_size_unit":"px","ocean_menu_typo_font_weight":"","ocean_menu_typo_font_weight_tablet":"","ocean_menu_typo_font_weight_mobile":"","ocean_menu_typo_transform":"","ocean_menu_typo_transform_tablet":"","ocean_menu_typo_transform_mobile":"","ocean_menu_typo_line_height":0,"ocean_menu_typo_line_height_tablet":0,"ocean_menu_typo_line_height_mobile":0,"ocean_menu_typo_line_height_unit":"","ocean_menu_typo_spacing":0,"ocean_menu_typo_spacing_tablet":0,"ocean_menu_typo_spacing_mobile":0,"ocean_menu_typo_spacing_unit":"","ocean_menu_link_color":"","ocean_menu_link_color_hover":"","ocean_menu_link_color_active":"","ocean_menu_link_background":"","ocean_menu_link_hover_background":"","ocean_menu_link_active_background":"","ocean_menu_social_links_bg":"","ocean_menu_social_hover_links_bg":"","ocean_menu_social_links_color":"","ocean_menu_social_hover_links_color":"","ocean_disable_title":"on","ocean_disable_heading":"default","ocean_post_title":"","ocean_post_subheading":"","ocean_post_title_style":"","ocean_post_title_background_color":"","ocean_post_title_background":0,"ocean_post_title_bg_image_position":"","ocean_post_title_bg_image_attachment":"","ocean_post_title_bg_image_repeat":"","ocean_post_title_bg_image_size":"","ocean_post_title_height":0,"ocean_post_title_bg_overlay":0.5,"ocean_post_title_bg_overlay_color":"","ocean_disable_breadcrumbs":"default","ocean_breadcrumbs_color":"","ocean_breadcrumbs_separator_color":"","ocean_breadcrumbs_links_color":"","ocean_breadcrumbs_links_hover_color":"","ocean_display_footer_widgets":"on","ocean_display_footer_bottom":"on","ocean_custom_footer_template":"0","_joinchat":[],"footnotes":""},"class_list":["post-75","page","type-page","status-publish","hentry","entry"],"yoast_head":"<!-- This site is optimized with the Yoast SEO plugin v24.4 - https:\/\/yoast.com\/wordpress\/plugins\/seo\/ -->\n<title>\u00dcber uns - Ege Teppichreinigung<\/title>\n<meta name=\"robots\" content=\"index, follow, max-snippet:-1, max-image-preview:large, max-video-preview:-1\" \/>\n<link rel=\"canonical\" href=\"https:\/\/www.ege-teppichreinigung.de\/tr\/uber-uns\/\" \/>\n<meta property=\"og:locale\" content=\"tr_TR\" \/>\n<meta property=\"og:type\" content=\"article\" \/>\n<meta property=\"og:title\" content=\"\u00dcber uns - Ege Teppichreinigung\" \/>\n<meta property=\"og:description\" content=\"\u00dcber uns Unsere Ege Teppichreinigung er\u00f6ffneten wir im Fr\u00fchjahr 2011. Durch den Austausch von Ideen mit anderen Firmen in dieser Branche haben wir uns verholfen, in k\u00fcrzester Zeit eine bedeutende Stellung in dieser Branche zu erlangen. Wir bringen f\u00fcr Sie mit der modernsten Technik, biologischen Reinigungsmitteln und unserem erfolgreichen, erfahrenen und zuverl\u00e4ssigen Support-Team Ihren Teppich [&hellip;]\" \/>\n<meta property=\"og:url\" content=\"https:\/\/www.ege-teppichreinigung.de\/tr\/uber-uns\/\" \/>\n<meta property=\"og:site_name\" content=\"Ege Teppichreinigung\" \/>\n<meta property=\"article:modified_time\" content=\"2020-12-22T21:20:30+00:00\" \/>\n<meta name=\"twitter:card\" content=\"summary_large_image\" \/>\n<script type=\"application\/ld+json\" class=\"yoast-schema-graph\">{\"@context\":\"https:\/\/schema.org\",\"@graph\":[{\"@type\":\"WebPage\",\"@id\":\"https:\/\/www.ege-teppichreinigung.de\/uber-uns\/\",\"url\":\"https:\/\/www.ege-teppichreinigung.de\/uber-uns\/\",\"name\":\"\u00dcber uns - Ege Teppichreinigung\",\"isPartOf\":{\"@id\":\"https:\/\/www.ege-teppichreinigung.de\/#website\"},\"datePublished\":\"2020-11-29T11:27:22+00:00\",\"dateModified\":\"2020-12-22T21:20:30+00:00\",\"breadcrumb\":{\"@id\":\"https:\/\/www.ege-teppichreinigung.de\/uber-uns\/#breadcrumb\"},\"inLanguage\":\"tr\",\"potentialAction\":[{\"@type\":\"ReadAction\",\"target\":[\"https:\/\/www.ege-teppichreinigung.de\/uber-uns\/\"]}]},{\"@type\":\"BreadcrumbList\",\"@id\":\"https:\/\/www.ege-teppichreinigung.de\/uber-uns\/#breadcrumb\",\"itemListElement\":[{\"@type\":\"ListItem\",\"position\":1,\"name\":\"Home\",\"item\":\"https:\/\/www.ege-teppichreinigung.de\/\"},{\"@type\":\"ListItem\",\"position\":2,\"name\":\"\u00dcber uns\"}]},{\"@type\":\"WebSite\",\"@id\":\"https:\/\/www.ege-teppichreinigung.de\/#website\",\"url\":\"https:\/\/www.ege-teppichreinigung.de\/\",\"name\":\"Ege Teppichreinigung\",\"description\":\"\",\"publisher\":{\"@id\":\"https:\/\/www.ege-teppichreinigung.de\/#organization\"},\"potentialAction\":[{\"@type\":\"SearchAction\",\"target\":{\"@type\":\"EntryPoint\",\"urlTemplate\":\"https:\/\/www.ege-teppichreinigung.de\/?s={search_term_string}\"},\"query-input\":{\"@type\":\"PropertyValueSpecification\",\"valueRequired\":true,\"valueName\":\"search_term_string\"}}],\"inLanguage\":\"tr\"},{\"@type\":\"Organization\",\"@id\":\"https:\/\/www.ege-teppichreinigung.de\/#organization\",\"name\":\"Ege Teppichreinigung\",\"url\":\"https:\/\/www.ege-teppichreinigung.de\/\",\"logo\":{\"@type\":\"ImageObject\",\"inLanguage\":\"tr\",\"@id\":\"https:\/\/www.ege-teppichreinigung.de\/#\/schema\/logo\/image\/\",\"url\":\"https:\/\/www.ege-teppichreinigung.de\/wp-content\/uploads\/2020\/12\/cropped-logo_neu_2.jpg\",\"contentUrl\":\"https:\/\/www.ege-teppichreinigung.de\/wp-content\/uploads\/2020\/12\/cropped-logo_neu_2.jpg\",\"width\":748,\"height\":311,\"caption\":\"Ege Teppichreinigung\"},\"image\":{\"@id\":\"https:\/\/www.ege-teppichreinigung.de\/#\/schema\/logo\/image\/\"}}]}<\/script>\n<!-- \/ Yoast SEO plugin. -->","yoast_head_json":{"title":"\u00dcber uns - Ege Teppichreinigung","robots":{"index":"index","follow":"follow","max-snippet":"max-snippet:-1","max-image-preview":"max-image-preview:large","max-video-preview":"max-video-preview:-1"},"canonical":"https:\/\/www.ege-teppichreinigung.de\/tr\/uber-uns\/","og_locale":"tr_TR","og_type":"article","og_title":"\u00dcber uns - Ege Teppichreinigung","og_description":"\u00dcber uns Unsere Ege Teppichreinigung er\u00f6ffneten wir im Fr\u00fchjahr 2011. Durch den Austausch von Ideen mit anderen Firmen in dieser Branche haben wir uns verholfen, in k\u00fcrzester Zeit eine bedeutende Stellung in dieser Branche zu erlangen. Wir bringen f\u00fcr Sie mit der modernsten Technik, biologischen Reinigungsmitteln und unserem erfolgreichen, erfahrenen und zuverl\u00e4ssigen Support-Team Ihren Teppich [&hellip;]","og_url":"https:\/\/www.ege-teppichreinigung.de\/tr\/uber-uns\/","og_site_name":"Ege Teppichreinigung","article_modified_time":"2020-12-22T21:20:30+00:00","twitter_card":"summary_large_image","schema":{"@context":"https:\/\/schema.org","@graph":[{"@type":"WebPage","@id":"https:\/\/www.ege-teppichreinigung.de\/uber-uns\/","url":"https:\/\/www.ege-teppichreinigung.de\/uber-uns\/","name":"\u00dcber uns - Ege Teppichreinigung","isPartOf":{"@id":"https:\/\/www.ege-teppichreinigung.de\/#website"},"datePublished":"2020-11-29T11:27:22+00:00","dateModified":"2020-12-22T21:20:30+00:00","breadcrumb":{"@id":"https:\/\/www.ege-teppichreinigung.de\/uber-uns\/#breadcrumb"},"inLanguage":"tr","potentialAction":[{"@type":"ReadAction","target":["https:\/\/www.ege-teppichreinigung.de\/uber-uns\/"]}]},{"@type":"BreadcrumbList","@id":"https:\/\/www.ege-teppichreinigung.de\/uber-uns\/#breadcrumb","itemListElement":[{"@type":"ListItem","position":1,"name":"Home","item":"https:\/\/www.ege-teppichreinigung.de\/"},{"@type":"ListItem","position":2,"name":"\u00dcber uns"}]},{"@type":"WebSite","@id":"https:\/\/www.ege-teppichreinigung.de\/#website","url":"https:\/\/www.ege-teppichreinigung.de\/","name":"Ege Teppichreinigung","description":"","publisher":{"@id":"https:\/\/www.ege-teppichreinigung.de\/#organization"},"potentialAction":[{"@type":"SearchAction","target":{"@type":"EntryPoint","urlTemplate":"https:\/\/www.ege-teppichreinigung.de\/?s={search_term_string}"},"query-input":{"@type":"PropertyValueSpecification","valueRequired":true,"valueName":"search_term_string"}}],"inLanguage":"tr"},{"@type":"Organization","@id":"https:\/\/www.ege-teppichreinigung.de\/#organization","name":"Ege Teppichreinigung","url":"https:\/\/www.ege-teppichreinigung.de\/","logo":{"@type":"ImageObject","inLanguage":"tr","@id":"https:\/\/www.ege-teppichreinigung.de\/#\/schema\/logo\/image\/","url":"https:\/\/www.ege-teppichreinigung.de\/wp-content\/uploads\/2020\/12\/cropped-logo_neu_2.jpg","contentUrl":"https:\/\/www.ege-teppichreinigung.de\/wp-content\/uploads\/2020\/12\/cropped-logo_neu_2.jpg","width":748,"height":311,"caption":"Ege Teppichreinigung"},"image":{"@id":"https:\/\/www.ege-teppichreinigung.de\/#\/schema\/logo\/image\/"}}]}},"_links":{"self":[{"href":"https:\/\/www.ege-teppichreinigung.de\/tr\/wp-json\/wp\/v2\/pages\/75","targetHints":{"allow":["GET"]}}],"collection":[{"href":"https:\/\/www.ege-teppichreinigung.de\/tr\/wp-json\/wp\/v2\/pages"}],"about":[{"href":"https:\/\/www.ege-teppichreinigung.de\/tr\/wp-json\/wp\/v2\/types\/page"}],"author":[{"embeddable":true,"href":"https:\/\/www.ege-teppichreinigung.de\/tr\/wp-json\/wp\/v2\/users\/1"}],"replies":[{"embeddable":true,"href":"https:\/\/www.ege-teppichreinigung.de\/tr\/wp-json\/wp\/v2\/comments?post=75"}],"version-history":[{"count":14,"href":"https:\/\/www.ege-teppichreinigung.de\/tr\/wp-json\/wp\/v2\/pages\/75\/revisions"}],"predecessor-version":[{"id":654,"href":"https:\/\/www.ege-teppichreinigung.de\/tr\/wp-json\/wp\/v2\/pages\/75\/revisions\/654"}],"wp:attachment":[{"href":"https:\/\/www.ege-teppichreinigung.de\/tr\/wp-json\/wp\/v2\/media?parent=75"}],"curies":[{"name":"wp","href":"https:\/\/api.w.org\/{rel}","templated":true}]}}